{"id":17586,"date":"2019-05-29T14:15:37","date_gmt":"2019-05-29T13:15:37","guid":{"rendered":"https:\/\/javierbarriocouture.com\/producto\/vestido-largo-hortensia\/"},"modified":"2023-03-13T14:50:15","modified_gmt":"2023-03-13T13:50:15","slug":"long-dress-hortensia","status":"publish","type":"product","link":"https:\/\/javierbarriocouture.com\/en\/product\/long-dress-hortensia\/","title":{"rendered":"Long dress Hortensia"},"content":{"rendered":"<p class=\"p1\" style=\"text-align: left;\"><strong>Descripci\u00f3n:<\/strong> Vestido largo Hortensia con corte evas\u00e9, escote halter y espalda abierta en forma de tri\u00e1ngulo.<\/p>\n<p class=\"p1\" style=\"text-align: left;\">Confeccionado en crep\u00e9 span blanco con combinaci\u00f3n de tul bordado con lentejuelas y plumas en color blanco, gris topo y plata en la falda.<\/p>\n<p>&nbsp;<\/p>\n<p style=\"text-align: left;\"><strong>Tejido: <\/strong>Esta creaci\u00f3n de Haute Couture, de Javier Barrio es un vestido icono de la marca.<\/p>\n<p style=\"text-align: left;\">El vestido largo Hortensia est\u00e1 elaborado en los siguientes tejidos.<\/p>\n<p style=\"text-align: left;\"><strong>&#8211; Falda:<\/strong> Tejido de tul bordado con lentejuelas y plumas en color blanco, gris topo y plata<\/p>\n<p style=\"text-align: left;\"><strong>&#8211; Cima y trasera superior:<\/strong> Tejido en crepe span.<\/p>\n<p>&nbsp;<\/p>\n<p class=\"p1\" style=\"text-align: left;\"><strong>Composici\u00f3n:<\/strong> 97% POLIESTER 3% ELASTANO.<\/p>\n<p>&nbsp;<\/p>\n<p style=\"text-align: left;\"><strong>C\u00f3mo escoger un corte de vestido largo que me favorezca: <\/strong>Sus cortes de hombros al descubierto y su original escote halter favorece en cualquier figura. Los vestidos largos de Haute Couture de Javier Barrio son piezas exclusivas confeccionadas a mano, sin ninguna vinculaci\u00f3n mec\u00e1nica o en serie. Javier Barrio alta costura son prendas minuciosamente elaboradas en Galicia, Espa\u00f1a. Para m\u00e1s informaci\u00f3n sobre esta exquisita prenda puede ponerse en contacto con el Taller de alta Costura de Javier Barrio.<\/p>\n<p>&nbsp;<\/p>\n<p style=\"text-align: left;\">Si a\u00fan as\u00ed quieres ver otras opciones de vestidos largos, sigue el siguiente enlace &gt;&gt; <a href=\"https:\/\/javierbarriocouture.com\/en\/product-category\/long-dresses\/\">otras opciones<\/a>.<\/p>\n<p>&nbsp;<\/p>\n<p>&nbsp;<\/p>\n<p style=\"text-align: center;\"><span class=\"modulo-lightbox\"><a href=\"https:\/\/youtu.be\/D23dKoge85M\" data-title=\"Vestido largo Hortensia\">Ver el vestido en v\u00eddeo<\/a><\/span><\/p>\n","protected":false},"excerpt":{"rendered":"<p style=\"text-align: justify;\">En el vestido largo Hortensia se puede contemplar un dise\u00f1o de Alta Costura sublime de Javier Barrio. Se le pone el nombre de Hortensia por su delicadeza. Un dise\u00f1o \u00fanico, no encontrar\u00e1s a nadie con un dise\u00f1o similar en las celebraciones.<\/p>\n<p>&nbsp;<\/p>\n<p style=\"text-align: justify;\">Precioso vestido largo de corte en la cintura dise\u00f1ado y confeccionado a mano, de forma artesanal, creado con un tejido exclusivo de tul bordado en bonitas lentejuelas y adornos de plumas, es perfecto para las celebraciones.<\/p>\n<p>&nbsp;<\/p>\n<p>Con el vestido largo Hortensia conseguir\u00e1s ser la invitada perfecta de cualquier celebraci\u00f3n.<\/p>\n","protected":false},"featured_media":16298,"comment_status":"closed","ping_status":"closed","template":"","meta":{"_acf_changed":false},"store":[],"product_brand":[],"product_cat":[201],"product_tag":[],"class_list":{"0":"post-17586","1":"product","2":"type-product","3":"status-publish","4":"has-post-thumbnail","6":"product_cat-long-dresses","8":"first","9":"instock","10":"taxable","11":"shipping-taxable","12":"purchasable","13":"product-type-variable"},"acf":[],"yoast_head":"<!-- This site is optimized with the Yoast SEO Premium plugin v25.1 (Yoast SEO v27.4) - https:\/\/yoast.com\/product\/yoast-seo-premium-wordpress\/ -->\n<title>Long dress Hortensia - Javier Barrio \u2713<\/title>\n<meta name=\"description\" content=\"El vestido largo Hortensia es un modelo hecho completamente a mano, c\u00f3modo y elegante. Es un modelo perfecto para cualquier evento.\" \/>\n<meta name=\"robots\" content=\"index, follow, max-snippet:-1, max-image-preview:large, max-video-preview:-1\" \/>\n<link rel=\"canonical\" href=\"https:\/\/javierbarriocouture.com\/product\/vestido-largo-hortensia\/\" \/>\n<meta property=\"og:locale\" content=\"en_US\" \/>\n<meta property=\"og:type\" content=\"article\" \/>\n<meta property=\"og:title\" content=\"Long dress Hortensia\" \/>\n<meta property=\"og:description\" content=\"El vestido largo Hortensia es un modelo hecho completamente a mano, c\u00f3modo y elegante. Es un modelo perfecto para cualquier evento.\" \/>\n<meta property=\"og:url\" content=\"https:\/\/javierbarriocouture.com\/product\/vestido-largo-hortensia\/\" \/>\n<meta property=\"og:site_name\" content=\"Javier Barrio Couture\" \/>\n<meta property=\"article:publisher\" content=\"https:\/\/www.facebook.com\/JavierBarrioCouture\" \/>\n<meta property=\"article:modified_time\" content=\"2023-03-13T13:50:15+00:00\" \/>\n<meta property=\"og:image\" content=\"https:\/\/javierbarriocouture.com\/wp-content\/uploads\/2019\/05\/vestido-largo-Hortensia-1_Javier-Barrio-couture.jpg\" \/>\n\t<meta property=\"og:image:width\" content=\"707\" \/>\n\t<meta property=\"og:image:height\" content=\"1100\" \/>\n\t<meta property=\"og:image:type\" content=\"image\/jpeg\" \/>\n<meta name=\"twitter:card\" content=\"summary_large_image\" \/>\n<meta name=\"twitter:site\" content=\"@javierbarrioC\" \/>\n<meta name=\"twitter:label1\" content=\"Availability\" \/>\n\t<meta name=\"twitter:data1\" content=\"In stock\" \/>\n<script type=\"application\/ld+json\" class=\"yoast-schema-graph\">{\"@context\":\"https:\\\/\\\/schema.org\",\"@graph\":[{\"@type\":\"WebPage\",\"@id\":\"https:\\\/\\\/javierbarriocouture.com\\\/product\\\/vestido-largo-hortensia\\\/\",\"url\":\"https:\\\/\\\/javierbarriocouture.com\\\/product\\\/vestido-largo-hortensia\\\/\",\"name\":\"Long dress Hortensia - Javier Barrio \u2713\",\"isPartOf\":{\"@id\":\"https:\\\/\\\/javierbarriocouture.com\\\/#website\"},\"primaryImageOfPage\":{\"@id\":\"https:\\\/\\\/javierbarriocouture.com\\\/product\\\/vestido-largo-hortensia\\\/#primaryimage\"},\"image\":{\"@id\":\"https:\\\/\\\/javierbarriocouture.com\\\/product\\\/vestido-largo-hortensia\\\/#primaryimage\"},\"thumbnailUrl\":\"https:\\\/\\\/javierbarriocouture.com\\\/wp-content\\\/uploads\\\/2019\\\/05\\\/vestido-largo-Hortensia-1_Javier-Barrio-couture.jpg\",\"datePublished\":\"2019-05-29T13:15:37+00:00\",\"dateModified\":\"2023-03-13T13:50:15+00:00\",\"description\":\"El vestido largo Hortensia es un modelo hecho completamente a mano, c\u00f3modo y elegante. Es un modelo perfecto para cualquier evento.\",\"breadcrumb\":{\"@id\":\"https:\\\/\\\/javierbarriocouture.com\\\/product\\\/vestido-largo-hortensia\\\/#breadcrumb\"},\"inLanguage\":\"en-US\",\"potentialAction\":[{\"@type\":\"ReadAction\",\"target\":[\"https:\\\/\\\/javierbarriocouture.com\\\/product\\\/vestido-largo-hortensia\\\/\"]}]},{\"@type\":\"ImageObject\",\"inLanguage\":\"en-US\",\"@id\":\"https:\\\/\\\/javierbarriocouture.com\\\/product\\\/vestido-largo-hortensia\\\/#primaryimage\",\"url\":\"https:\\\/\\\/javierbarriocouture.com\\\/wp-content\\\/uploads\\\/2019\\\/05\\\/vestido-largo-Hortensia-1_Javier-Barrio-couture.jpg\",\"contentUrl\":\"https:\\\/\\\/javierbarriocouture.com\\\/wp-content\\\/uploads\\\/2019\\\/05\\\/vestido-largo-Hortensia-1_Javier-Barrio-couture.jpg\",\"width\":707,\"height\":1100,\"caption\":\"Vestido largo de fiesta Gateway - Javier Barrio\"},{\"@type\":\"BreadcrumbList\",\"@id\":\"https:\\\/\\\/javierbarriocouture.com\\\/product\\\/vestido-largo-hortensia\\\/#breadcrumb\",\"itemListElement\":[{\"@type\":\"ListItem\",\"position\":1,\"name\":\"Portada\",\"item\":\"https:\\\/\\\/javierbarriocouture.com\\\/en\\\/\"},{\"@type\":\"ListItem\",\"position\":2,\"name\":\"Shop\",\"item\":\"https:\\\/\\\/javierbarriocouture.com\\\/en\\\/shop\\\/\"},{\"@type\":\"ListItem\",\"position\":3,\"name\":\"Long dress Hortensia\"}]},{\"@type\":\"WebSite\",\"@id\":\"https:\\\/\\\/javierbarriocouture.com\\\/#website\",\"url\":\"https:\\\/\\\/javierbarriocouture.com\\\/\",\"name\":\"Javier Barrio Couture\",\"description\":\"Javier Barrio Couture\",\"publisher\":{\"@id\":\"https:\\\/\\\/javierbarriocouture.com\\\/#organization\"},\"potentialAction\":[{\"@type\":\"SearchAction\",\"target\":{\"@type\":\"EntryPoint\",\"urlTemplate\":\"https:\\\/\\\/javierbarriocouture.com\\\/?s={search_term_string}\"},\"query-input\":{\"@type\":\"PropertyValueSpecification\",\"valueRequired\":true,\"valueName\":\"search_term_string\"}}],\"inLanguage\":\"en-US\"},{\"@type\":\"Organization\",\"@id\":\"https:\\\/\\\/javierbarriocouture.com\\\/#organization\",\"name\":\"Javier Barrio Couture\",\"url\":\"https:\\\/\\\/javierbarriocouture.com\\\/\",\"logo\":{\"@type\":\"ImageObject\",\"inLanguage\":\"en-US\",\"@id\":\"https:\\\/\\\/javierbarriocouture.com\\\/#\\\/schema\\\/logo\\\/image\\\/\",\"url\":\"https:\\\/\\\/javierbarriocouture.com\\\/wp-content\\\/uploads\\\/2018\\\/12\\\/logo3.png\",\"contentUrl\":\"https:\\\/\\\/javierbarriocouture.com\\\/wp-content\\\/uploads\\\/2018\\\/12\\\/logo3.png\",\"width\":268,\"height\":68,\"caption\":\"Javier Barrio Couture\"},\"image\":{\"@id\":\"https:\\\/\\\/javierbarriocouture.com\\\/#\\\/schema\\\/logo\\\/image\\\/\"},\"sameAs\":[\"https:\\\/\\\/www.facebook.com\\\/JavierBarrioCouture\",\"https:\\\/\\\/x.com\\\/javierbarrioC\",\"https:\\\/\\\/www.instagram.com\\\/javierbarrio_couture\\\/\",\"https:\\\/\\\/es.linkedin.com\\\/in\\\/javier-barrio-rey-1b929443\",\"https:\\\/\\\/www.pinterest.es\\\/javierbarriojb\\\/\",\"https:\\\/\\\/www.youtube.com\\\/channel\\\/UCjMiv0bKvLHADQ5RM5cDGsQ\\\/\"]}]}<\/script>\n<meta property=\"og:availability\" content=\"instock\" \/>\n<meta property=\"product:availability\" content=\"instock\" \/>\n<meta property=\"product:condition\" content=\"new\" \/>\n<!-- \/ Yoast SEO Premium plugin. -->","yoast_head_json":{"title":"Long dress Hortensia - Javier Barrio \u2713","description":"El vestido largo Hortensia es un modelo hecho completamente a mano, c\u00f3modo y elegante. Es un modelo perfecto para cualquier evento.","robots":{"index":"index","follow":"follow","max-snippet":"max-snippet:-1","max-image-preview":"max-image-preview:large","max-video-preview":"max-video-preview:-1"},"canonical":"https:\/\/javierbarriocouture.com\/product\/vestido-largo-hortensia\/","og_locale":"en_US","og_type":"article","og_title":"Long dress Hortensia","og_description":"El vestido largo Hortensia es un modelo hecho completamente a mano, c\u00f3modo y elegante. Es un modelo perfecto para cualquier evento.","og_url":"https:\/\/javierbarriocouture.com\/product\/vestido-largo-hortensia\/","og_site_name":"Javier Barrio Couture","article_publisher":"https:\/\/www.facebook.com\/JavierBarrioCouture","article_modified_time":"2023-03-13T13:50:15+00:00","og_image":[{"width":707,"height":1100,"url":"https:\/\/javierbarriocouture.com\/wp-content\/uploads\/2019\/05\/vestido-largo-Hortensia-1_Javier-Barrio-couture.jpg","type":"image\/jpeg"}],"twitter_card":"summary_large_image","twitter_site":"@javierbarrioC","twitter_misc":{"Availability":"In stock"},"schema":{"@context":"https:\/\/schema.org","@graph":[{"@type":"WebPage","@id":"https:\/\/javierbarriocouture.com\/product\/vestido-largo-hortensia\/","url":"https:\/\/javierbarriocouture.com\/product\/vestido-largo-hortensia\/","name":"Long dress Hortensia - Javier Barrio \u2713","isPartOf":{"@id":"https:\/\/javierbarriocouture.com\/#website"},"primaryImageOfPage":{"@id":"https:\/\/javierbarriocouture.com\/product\/vestido-largo-hortensia\/#primaryimage"},"image":{"@id":"https:\/\/javierbarriocouture.com\/product\/vestido-largo-hortensia\/#primaryimage"},"thumbnailUrl":"https:\/\/javierbarriocouture.com\/wp-content\/uploads\/2019\/05\/vestido-largo-Hortensia-1_Javier-Barrio-couture.jpg","datePublished":"2019-05-29T13:15:37+00:00","dateModified":"2023-03-13T13:50:15+00:00","description":"El vestido largo Hortensia es un modelo hecho completamente a mano, c\u00f3modo y elegante. Es un modelo perfecto para cualquier evento.","breadcrumb":{"@id":"https:\/\/javierbarriocouture.com\/product\/vestido-largo-hortensia\/#breadcrumb"},"inLanguage":"en-US","potentialAction":[{"@type":"ReadAction","target":["https:\/\/javierbarriocouture.com\/product\/vestido-largo-hortensia\/"]}]},{"@type":"ImageObject","inLanguage":"en-US","@id":"https:\/\/javierbarriocouture.com\/product\/vestido-largo-hortensia\/#primaryimage","url":"https:\/\/javierbarriocouture.com\/wp-content\/uploads\/2019\/05\/vestido-largo-Hortensia-1_Javier-Barrio-couture.jpg","contentUrl":"https:\/\/javierbarriocouture.com\/wp-content\/uploads\/2019\/05\/vestido-largo-Hortensia-1_Javier-Barrio-couture.jpg","width":707,"height":1100,"caption":"Vestido largo de fiesta Gateway - Javier Barrio"},{"@type":"BreadcrumbList","@id":"https:\/\/javierbarriocouture.com\/product\/vestido-largo-hortensia\/#breadcrumb","itemListElement":[{"@type":"ListItem","position":1,"name":"Portada","item":"https:\/\/javierbarriocouture.com\/en\/"},{"@type":"ListItem","position":2,"name":"Shop","item":"https:\/\/javierbarriocouture.com\/en\/shop\/"},{"@type":"ListItem","position":3,"name":"Long dress Hortensia"}]},{"@type":"WebSite","@id":"https:\/\/javierbarriocouture.com\/#website","url":"https:\/\/javierbarriocouture.com\/","name":"Javier Barrio Couture","description":"Javier Barrio Couture","publisher":{"@id":"https:\/\/javierbarriocouture.com\/#organization"},"potentialAction":[{"@type":"SearchAction","target":{"@type":"EntryPoint","urlTemplate":"https:\/\/javierbarriocouture.com\/?s={search_term_string}"},"query-input":{"@type":"PropertyValueSpecification","valueRequired":true,"valueName":"search_term_string"}}],"inLanguage":"en-US"},{"@type":"Organization","@id":"https:\/\/javierbarriocouture.com\/#organization","name":"Javier Barrio Couture","url":"https:\/\/javierbarriocouture.com\/","logo":{"@type":"ImageObject","inLanguage":"en-US","@id":"https:\/\/javierbarriocouture.com\/#\/schema\/logo\/image\/","url":"https:\/\/javierbarriocouture.com\/wp-content\/uploads\/2018\/12\/logo3.png","contentUrl":"https:\/\/javierbarriocouture.com\/wp-content\/uploads\/2018\/12\/logo3.png","width":268,"height":68,"caption":"Javier Barrio Couture"},"image":{"@id":"https:\/\/javierbarriocouture.com\/#\/schema\/logo\/image\/"},"sameAs":["https:\/\/www.facebook.com\/JavierBarrioCouture","https:\/\/x.com\/javierbarrioC","https:\/\/www.instagram.com\/javierbarrio_couture\/","https:\/\/es.linkedin.com\/in\/javier-barrio-rey-1b929443","https:\/\/www.pinterest.es\/javierbarriojb\/","https:\/\/www.youtube.com\/channel\/UCjMiv0bKvLHADQ5RM5cDGsQ\/"]}]},"og_availability":"instock","product_availability":"instock","product_condition":"new"},"_links":{"self":[{"href":"https:\/\/javierbarriocouture.com\/en\/wp-json\/wp\/v2\/product\/17586","targetHints":{"allow":["GET"]}}],"collection":[{"href":"https:\/\/javierbarriocouture.com\/en\/wp-json\/wp\/v2\/product"}],"about":[{"href":"https:\/\/javierbarriocouture.com\/en\/wp-json\/wp\/v2\/types\/product"}],"replies":[{"embeddable":true,"href":"https:\/\/javierbarriocouture.com\/en\/wp-json\/wp\/v2\/comments?post=17586"}],"version-history":[{"count":2,"href":"https:\/\/javierbarriocouture.com\/en\/wp-json\/wp\/v2\/product\/17586\/revisions"}],"predecessor-version":[{"id":17588,"href":"https:\/\/javierbarriocouture.com\/en\/wp-json\/wp\/v2\/product\/17586\/revisions\/17588"}],"wp:featuredmedia":[{"embeddable":true,"href":"https:\/\/javierbarriocouture.com\/en\/wp-json\/wp\/v2\/media\/16298"}],"wp:attachment":[{"href":"https:\/\/javierbarriocouture.com\/en\/wp-json\/wp\/v2\/media?parent=17586"}],"wp:term":[{"taxonomy":"store","embeddable":true,"href":"https:\/\/javierbarriocouture.com\/en\/wp-json\/wp\/v2\/store?post=17586"},{"taxonomy":"product_brand","embeddable":true,"href":"https:\/\/javierbarriocouture.com\/en\/wp-json\/wp\/v2\/product_brand?post=17586"},{"taxonomy":"product_cat","embeddable":true,"href":"https:\/\/javierbarriocouture.com\/en\/wp-json\/wp\/v2\/product_cat?post=17586"},{"taxonomy":"product_tag","embeddable":true,"href":"https:\/\/javierbarriocouture.com\/en\/wp-json\/wp\/v2\/product_tag?post=17586"}],"curies":[{"name":"wp","href":"https:\/\/api.w.org\/{rel}","templated":true}]}}