{"id":17610,"date":"2022-10-06T00:34:31","date_gmt":"2022-10-05T22:34:31","guid":{"rendered":"https:\/\/javierbarriocouture.com\/producto\/vestido-largo-negro-cuello-halter-corte-sirena-capa-media-sendai\/"},"modified":"2023-03-13T15:25:07","modified_gmt":"2023-03-13T14:25:07","slug":"long-black-halter-neck-dress-sendai","status":"publish","type":"product","link":"https:\/\/javierbarriocouture.com\/en\/product\/long-black-halter-neck-dress-sendai\/","title":{"rendered":"Long black halter neck dress &#8211; Sendai"},"content":{"rendered":"<p style=\"text-align: left;\"><strong>Descripci\u00f3n:<\/strong> Vestido negro con cuello halter, corte de sirena y media capa en la parte inferior.<\/p>\n<p>&nbsp;<\/p>\n<p class=\"p1\" style=\"text-align: left;\"><strong>Tejido y dise\u00f1o:<\/strong> Tejido en bordado de algodon con raso de dralon poliester con elastano y garza de seda en la parte inferior incluyendo el forro del vestido y a tono al color del mismo. Cremallera invisible de calidad a tono del mismo. Costuras reforzadas y francesas.<\/p>\n<p>&nbsp;<\/p>\n<p style=\"text-align: left;\"><strong>Porcentajes composici\u00f3n vestido:<\/strong> 97% POLIESTER 3% ELASTANO y en partes 100% seda y en partes 95% algodon 5% viscosa.<\/p>\n<p>&nbsp;<\/p>\n<p style=\"text-align: left;\">Si a\u00fan as\u00ed quieres ver otras opciones de vestidos largos, sigue el siguiente enlace &gt;&gt; <a href=\"https:\/\/javierbarriocouture.com\/en\/product-category\/long-dresses\/\">otras opciones<\/a>.<\/p>\n","protected":false},"excerpt":{"rendered":"<p>\u00bfTe imaginas un vestido de alta costura con el que destacar en una cena de etiqueta o un evento especial?<\/p>\n<p>&nbsp;<\/p>\n<p>As\u00ed es el vestido largo <strong>Sendai<\/strong>, un dise\u00f1o con cuello halter y acabado sirena que har\u00e1 que seas la invitada m\u00e1s admirada de la fiesta.<\/p>\n<p>&nbsp;<\/p>\n<p>Gracias a su tejido de raso de dral\u00f3n poliester con elastano, te ver\u00e1s esbelta y tu figura se resaltar\u00e1.<\/p>\n<p>&nbsp;<\/p>\n<p>Adem\u00e1s, la garza de seda en la parte inferior le da ese toque exclusivo y diferente que rompe con la simetr\u00eda de la prenda.<\/p>\n<p>&nbsp;<\/p>\n<p>Un <strong>traje \u00fanico y exclusivo<\/strong> con el que te sentir\u00e1s la m\u00e1s especial de todas las invitadas.<\/p>\n<p>&nbsp;<\/p>\n<p>Sin duda, <strong>Sendai es para ti<\/strong>\u2026<\/p>\n","protected":false},"featured_media":15880,"comment_status":"open","ping_status":"closed","template":"","meta":{"_acf_changed":false},"store":[],"product_brand":[],"product_cat":[201],"product_tag":[],"class_list":{"0":"post-17610","1":"product","2":"type-product","3":"status-publish","4":"has-post-thumbnail","6":"product_cat-long-dresses","8":"first","9":"instock","10":"taxable","11":"shipping-taxable","12":"purchasable","13":"product-type-variable"},"acf":[],"yoast_head":"<!-- This site is optimized with the Yoast SEO Premium plugin v25.1 (Yoast SEO v27.4) - https:\/\/yoast.com\/product\/yoast-seo-premium-wordpress\/ -->\n<title>Long black halter neck dress - Sendai - Javier Barrio \u2713<\/title>\n<meta name=\"description\" content=\"Maravilloso vestido negro con cuello halter, corte de sirena y media capa en la parte inferior que sorprende por su originalidad y buen gusto.\" \/>\n<meta name=\"robots\" content=\"index, follow, max-snippet:-1, max-image-preview:large, max-video-preview:-1\" \/>\n<link rel=\"canonical\" href=\"https:\/\/javierbarriocouture.com\/product\/vestido-largo-negro-cuello-halter-corte-sirena-capa-media-sendai\/\" \/>\n<meta property=\"og:locale\" content=\"en_US\" \/>\n<meta property=\"og:type\" content=\"article\" \/>\n<meta property=\"og:title\" content=\"Long black halter neck dress - Sendai\" \/>\n<meta property=\"og:description\" content=\"Maravilloso vestido negro con cuello halter, corte de sirena y media capa en la parte inferior que sorprende por su originalidad y buen gusto.\" \/>\n<meta property=\"og:url\" content=\"https:\/\/javierbarriocouture.com\/product\/vestido-largo-negro-cuello-halter-corte-sirena-capa-media-sendai\/\" \/>\n<meta property=\"og:site_name\" content=\"Javier Barrio Couture\" \/>\n<meta property=\"article:publisher\" content=\"https:\/\/www.facebook.com\/JavierBarrioCouture\" \/>\n<meta property=\"article:modified_time\" content=\"2023-03-13T14:25:07+00:00\" \/>\n<meta property=\"og:image\" content=\"https:\/\/javierbarriocouture.com\/wp-content\/uploads\/2022\/10\/vestido-largo-Sendai-1_Javier-Barrio-couture.jpg\" \/>\n\t<meta property=\"og:image:width\" content=\"707\" \/>\n\t<meta property=\"og:image:height\" content=\"1100\" \/>\n\t<meta property=\"og:image:type\" content=\"image\/jpeg\" \/>\n<meta name=\"twitter:card\" content=\"summary_large_image\" \/>\n<meta name=\"twitter:site\" content=\"@javierbarrioC\" \/>\n<meta name=\"twitter:label1\" content=\"Availability\" \/>\n\t<meta name=\"twitter:data1\" content=\"In stock\" \/>\n<script type=\"application\/ld+json\" class=\"yoast-schema-graph\">{\"@context\":\"https:\\\/\\\/schema.org\",\"@graph\":[{\"@type\":\"WebPage\",\"@id\":\"https:\\\/\\\/javierbarriocouture.com\\\/product\\\/vestido-largo-negro-cuello-halter-corte-sirena-capa-media-sendai\\\/\",\"url\":\"https:\\\/\\\/javierbarriocouture.com\\\/product\\\/vestido-largo-negro-cuello-halter-corte-sirena-capa-media-sendai\\\/\",\"name\":\"Long black halter neck dress - Sendai - Javier Barrio \u2713\",\"isPartOf\":{\"@id\":\"https:\\\/\\\/javierbarriocouture.com\\\/#website\"},\"primaryImageOfPage\":{\"@id\":\"https:\\\/\\\/javierbarriocouture.com\\\/product\\\/vestido-largo-negro-cuello-halter-corte-sirena-capa-media-sendai\\\/#primaryimage\"},\"image\":{\"@id\":\"https:\\\/\\\/javierbarriocouture.com\\\/product\\\/vestido-largo-negro-cuello-halter-corte-sirena-capa-media-sendai\\\/#primaryimage\"},\"thumbnailUrl\":\"https:\\\/\\\/javierbarriocouture.com\\\/wp-content\\\/uploads\\\/2022\\\/10\\\/vestido-largo-Sendai-1_Javier-Barrio-couture.jpg\",\"datePublished\":\"2022-10-05T22:34:31+00:00\",\"dateModified\":\"2023-03-13T14:25:07+00:00\",\"description\":\"Maravilloso vestido negro con cuello halter, corte de sirena y media capa en la parte inferior que sorprende por su originalidad y buen gusto.\",\"breadcrumb\":{\"@id\":\"https:\\\/\\\/javierbarriocouture.com\\\/product\\\/vestido-largo-negro-cuello-halter-corte-sirena-capa-media-sendai\\\/#breadcrumb\"},\"inLanguage\":\"en-US\",\"potentialAction\":[{\"@type\":\"ReadAction\",\"target\":[\"https:\\\/\\\/javierbarriocouture.com\\\/product\\\/vestido-largo-negro-cuello-halter-corte-sirena-capa-media-sendai\\\/\"]}]},{\"@type\":\"ImageObject\",\"inLanguage\":\"en-US\",\"@id\":\"https:\\\/\\\/javierbarriocouture.com\\\/product\\\/vestido-largo-negro-cuello-halter-corte-sirena-capa-media-sendai\\\/#primaryimage\",\"url\":\"https:\\\/\\\/javierbarriocouture.com\\\/wp-content\\\/uploads\\\/2022\\\/10\\\/vestido-largo-Sendai-1_Javier-Barrio-couture.jpg\",\"contentUrl\":\"https:\\\/\\\/javierbarriocouture.com\\\/wp-content\\\/uploads\\\/2022\\\/10\\\/vestido-largo-Sendai-1_Javier-Barrio-couture.jpg\",\"width\":707,\"height\":1100,\"caption\":\"Vestido largo negro de fiesta Sendai - Javier Barrio\"},{\"@type\":\"BreadcrumbList\",\"@id\":\"https:\\\/\\\/javierbarriocouture.com\\\/product\\\/vestido-largo-negro-cuello-halter-corte-sirena-capa-media-sendai\\\/#breadcrumb\",\"itemListElement\":[{\"@type\":\"ListItem\",\"position\":1,\"name\":\"Portada\",\"item\":\"https:\\\/\\\/javierbarriocouture.com\\\/en\\\/\"},{\"@type\":\"ListItem\",\"position\":2,\"name\":\"Shop\",\"item\":\"https:\\\/\\\/javierbarriocouture.com\\\/en\\\/shop\\\/\"},{\"@type\":\"ListItem\",\"position\":3,\"name\":\"Long black halter neck dress &#8211; Sendai\"}]},{\"@type\":\"WebSite\",\"@id\":\"https:\\\/\\\/javierbarriocouture.com\\\/#website\",\"url\":\"https:\\\/\\\/javierbarriocouture.com\\\/\",\"name\":\"Javier Barrio Couture\",\"description\":\"Javier Barrio Couture\",\"publisher\":{\"@id\":\"https:\\\/\\\/javierbarriocouture.com\\\/#organization\"},\"potentialAction\":[{\"@type\":\"SearchAction\",\"target\":{\"@type\":\"EntryPoint\",\"urlTemplate\":\"https:\\\/\\\/javierbarriocouture.com\\\/?s={search_term_string}\"},\"query-input\":{\"@type\":\"PropertyValueSpecification\",\"valueRequired\":true,\"valueName\":\"search_term_string\"}}],\"inLanguage\":\"en-US\"},{\"@type\":\"Organization\",\"@id\":\"https:\\\/\\\/javierbarriocouture.com\\\/#organization\",\"name\":\"Javier Barrio Couture\",\"url\":\"https:\\\/\\\/javierbarriocouture.com\\\/\",\"logo\":{\"@type\":\"ImageObject\",\"inLanguage\":\"en-US\",\"@id\":\"https:\\\/\\\/javierbarriocouture.com\\\/#\\\/schema\\\/logo\\\/image\\\/\",\"url\":\"https:\\\/\\\/javierbarriocouture.com\\\/wp-content\\\/uploads\\\/2018\\\/12\\\/logo3.png\",\"contentUrl\":\"https:\\\/\\\/javierbarriocouture.com\\\/wp-content\\\/uploads\\\/2018\\\/12\\\/logo3.png\",\"width\":268,\"height\":68,\"caption\":\"Javier Barrio Couture\"},\"image\":{\"@id\":\"https:\\\/\\\/javierbarriocouture.com\\\/#\\\/schema\\\/logo\\\/image\\\/\"},\"sameAs\":[\"https:\\\/\\\/www.facebook.com\\\/JavierBarrioCouture\",\"https:\\\/\\\/x.com\\\/javierbarrioC\",\"https:\\\/\\\/www.instagram.com\\\/javierbarrio_couture\\\/\",\"https:\\\/\\\/es.linkedin.com\\\/in\\\/javier-barrio-rey-1b929443\",\"https:\\\/\\\/www.pinterest.es\\\/javierbarriojb\\\/\",\"https:\\\/\\\/www.youtube.com\\\/channel\\\/UCjMiv0bKvLHADQ5RM5cDGsQ\\\/\"]}]}<\/script>\n<meta property=\"og:availability\" content=\"instock\" \/>\n<meta property=\"product:availability\" content=\"instock\" \/>\n<meta property=\"product:retailer_item_id\" content=\"0683489541716\" \/>\n<meta property=\"product:condition\" content=\"new\" \/>\n<!-- \/ Yoast SEO Premium plugin. -->","yoast_head_json":{"title":"Long black halter neck dress - Sendai - Javier Barrio \u2713","description":"Maravilloso vestido negro con cuello halter, corte de sirena y media capa en la parte inferior que sorprende por su originalidad y buen gusto.","robots":{"index":"index","follow":"follow","max-snippet":"max-snippet:-1","max-image-preview":"max-image-preview:large","max-video-preview":"max-video-preview:-1"},"canonical":"https:\/\/javierbarriocouture.com\/product\/vestido-largo-negro-cuello-halter-corte-sirena-capa-media-sendai\/","og_locale":"en_US","og_type":"article","og_title":"Long black halter neck dress - Sendai","og_description":"Maravilloso vestido negro con cuello halter, corte de sirena y media capa en la parte inferior que sorprende por su originalidad y buen gusto.","og_url":"https:\/\/javierbarriocouture.com\/product\/vestido-largo-negro-cuello-halter-corte-sirena-capa-media-sendai\/","og_site_name":"Javier Barrio Couture","article_publisher":"https:\/\/www.facebook.com\/JavierBarrioCouture","article_modified_time":"2023-03-13T14:25:07+00:00","og_image":[{"width":707,"height":1100,"url":"https:\/\/javierbarriocouture.com\/wp-content\/uploads\/2022\/10\/vestido-largo-Sendai-1_Javier-Barrio-couture.jpg","type":"image\/jpeg"}],"twitter_card":"summary_large_image","twitter_site":"@javierbarrioC","twitter_misc":{"Availability":"In stock"},"schema":{"@context":"https:\/\/schema.org","@graph":[{"@type":"WebPage","@id":"https:\/\/javierbarriocouture.com\/product\/vestido-largo-negro-cuello-halter-corte-sirena-capa-media-sendai\/","url":"https:\/\/javierbarriocouture.com\/product\/vestido-largo-negro-cuello-halter-corte-sirena-capa-media-sendai\/","name":"Long black halter neck dress - Sendai - Javier Barrio \u2713","isPartOf":{"@id":"https:\/\/javierbarriocouture.com\/#website"},"primaryImageOfPage":{"@id":"https:\/\/javierbarriocouture.com\/product\/vestido-largo-negro-cuello-halter-corte-sirena-capa-media-sendai\/#primaryimage"},"image":{"@id":"https:\/\/javierbarriocouture.com\/product\/vestido-largo-negro-cuello-halter-corte-sirena-capa-media-sendai\/#primaryimage"},"thumbnailUrl":"https:\/\/javierbarriocouture.com\/wp-content\/uploads\/2022\/10\/vestido-largo-Sendai-1_Javier-Barrio-couture.jpg","datePublished":"2022-10-05T22:34:31+00:00","dateModified":"2023-03-13T14:25:07+00:00","description":"Maravilloso vestido negro con cuello halter, corte de sirena y media capa en la parte inferior que sorprende por su originalidad y buen gusto.","breadcrumb":{"@id":"https:\/\/javierbarriocouture.com\/product\/vestido-largo-negro-cuello-halter-corte-sirena-capa-media-sendai\/#breadcrumb"},"inLanguage":"en-US","potentialAction":[{"@type":"ReadAction","target":["https:\/\/javierbarriocouture.com\/product\/vestido-largo-negro-cuello-halter-corte-sirena-capa-media-sendai\/"]}]},{"@type":"ImageObject","inLanguage":"en-US","@id":"https:\/\/javierbarriocouture.com\/product\/vestido-largo-negro-cuello-halter-corte-sirena-capa-media-sendai\/#primaryimage","url":"https:\/\/javierbarriocouture.com\/wp-content\/uploads\/2022\/10\/vestido-largo-Sendai-1_Javier-Barrio-couture.jpg","contentUrl":"https:\/\/javierbarriocouture.com\/wp-content\/uploads\/2022\/10\/vestido-largo-Sendai-1_Javier-Barrio-couture.jpg","width":707,"height":1100,"caption":"Vestido largo negro de fiesta Sendai - Javier Barrio"},{"@type":"BreadcrumbList","@id":"https:\/\/javierbarriocouture.com\/product\/vestido-largo-negro-cuello-halter-corte-sirena-capa-media-sendai\/#breadcrumb","itemListElement":[{"@type":"ListItem","position":1,"name":"Portada","item":"https:\/\/javierbarriocouture.com\/en\/"},{"@type":"ListItem","position":2,"name":"Shop","item":"https:\/\/javierbarriocouture.com\/en\/shop\/"},{"@type":"ListItem","position":3,"name":"Long black halter neck dress &#8211; Sendai"}]},{"@type":"WebSite","@id":"https:\/\/javierbarriocouture.com\/#website","url":"https:\/\/javierbarriocouture.com\/","name":"Javier Barrio Couture","description":"Javier Barrio Couture","publisher":{"@id":"https:\/\/javierbarriocouture.com\/#organization"},"potentialAction":[{"@type":"SearchAction","target":{"@type":"EntryPoint","urlTemplate":"https:\/\/javierbarriocouture.com\/?s={search_term_string}"},"query-input":{"@type":"PropertyValueSpecification","valueRequired":true,"valueName":"search_term_string"}}],"inLanguage":"en-US"},{"@type":"Organization","@id":"https:\/\/javierbarriocouture.com\/#organization","name":"Javier Barrio Couture","url":"https:\/\/javierbarriocouture.com\/","logo":{"@type":"ImageObject","inLanguage":"en-US","@id":"https:\/\/javierbarriocouture.com\/#\/schema\/logo\/image\/","url":"https:\/\/javierbarriocouture.com\/wp-content\/uploads\/2018\/12\/logo3.png","contentUrl":"https:\/\/javierbarriocouture.com\/wp-content\/uploads\/2018\/12\/logo3.png","width":268,"height":68,"caption":"Javier Barrio Couture"},"image":{"@id":"https:\/\/javierbarriocouture.com\/#\/schema\/logo\/image\/"},"sameAs":["https:\/\/www.facebook.com\/JavierBarrioCouture","https:\/\/x.com\/javierbarrioC","https:\/\/www.instagram.com\/javierbarrio_couture\/","https:\/\/es.linkedin.com\/in\/javier-barrio-rey-1b929443","https:\/\/www.pinterest.es\/javierbarriojb\/","https:\/\/www.youtube.com\/channel\/UCjMiv0bKvLHADQ5RM5cDGsQ\/"]}]},"og_availability":"instock","product_availability":"instock","product_retailer_item_id":"0683489541716","product_condition":"new"},"_links":{"self":[{"href":"https:\/\/javierbarriocouture.com\/en\/wp-json\/wp\/v2\/product\/17610","targetHints":{"allow":["GET"]}}],"collection":[{"href":"https:\/\/javierbarriocouture.com\/en\/wp-json\/wp\/v2\/product"}],"about":[{"href":"https:\/\/javierbarriocouture.com\/en\/wp-json\/wp\/v2\/types\/product"}],"replies":[{"embeddable":true,"href":"https:\/\/javierbarriocouture.com\/en\/wp-json\/wp\/v2\/comments?post=17610"}],"version-history":[{"count":1,"href":"https:\/\/javierbarriocouture.com\/en\/wp-json\/wp\/v2\/product\/17610\/revisions"}],"predecessor-version":[{"id":17617,"href":"https:\/\/javierbarriocouture.com\/en\/wp-json\/wp\/v2\/product\/17610\/revisions\/17617"}],"wp:featuredmedia":[{"embeddable":true,"href":"https:\/\/javierbarriocouture.com\/en\/wp-json\/wp\/v2\/media\/15880"}],"wp:attachment":[{"href":"https:\/\/javierbarriocouture.com\/en\/wp-json\/wp\/v2\/media?parent=17610"}],"wp:term":[{"taxonomy":"store","embeddable":true,"href":"https:\/\/javierbarriocouture.com\/en\/wp-json\/wp\/v2\/store?post=17610"},{"taxonomy":"product_brand","embeddable":true,"href":"https:\/\/javierbarriocouture.com\/en\/wp-json\/wp\/v2\/product_brand?post=17610"},{"taxonomy":"product_cat","embeddable":true,"href":"https:\/\/javierbarriocouture.com\/en\/wp-json\/wp\/v2\/product_cat?post=17610"},{"taxonomy":"product_tag","embeddable":true,"href":"https:\/\/javierbarriocouture.com\/en\/wp-json\/wp\/v2\/product_tag?post=17610"}],"curies":[{"name":"wp","href":"https:\/\/api.w.org\/{rel}","templated":true}]}}