{"id":17625,"date":"2022-10-04T16:55:19","date_gmt":"2022-10-04T14:55:19","guid":{"rendered":"https:\/\/javierbarriocouture.com\/producto\/vestido-largo-negro-lentejuelas-cuello-halter-corte-sirena-sapporo\/"},"modified":"2023-03-13T15:31:59","modified_gmt":"2023-03-13T14:31:59","slug":"long-black-mermaid-cut-dress-sapporo","status":"publish","type":"product","link":"https:\/\/javierbarriocouture.com\/en\/product\/long-black-mermaid-cut-dress-sapporo\/","title":{"rendered":"Long black mermaid cut dress- Sapporo"},"content":{"rendered":"<p style=\"text-align: left;\"><strong>Descripci\u00f3n:<\/strong> Vestido largo negro con lentejuelas, cuello halter y corte sirena.<\/p>\n<p>&nbsp;<\/p>\n<p style=\"text-align: left;\"><strong>Tejido y dise\u00f1o: <\/strong>Est\u00e1 confeccionado con Tejido dralon poliester raso con elastano y lentejuelas de dralon poliester por termosellado incluyendo el forro del vestido y a tono al color del mismo. Cremallera invisible de calidad a tono del mismo. Costuras reforzadas y francesas.<\/p>\n<p>&nbsp;<\/p>\n<p style=\"text-align: left;\"><strong>Porcentajes composici\u00f3n vestido: <\/strong>DRALON POLIESTER 100%<\/p>\n<p style=\"text-align: left;\">Si a\u00fan as\u00ed quieres ver otras opciones de vestidos largos, sigue el siguiente enlace &gt;&gt; <a href=\"https:\/\/javierbarriocouture.com\/en\/product-category\/long-dresses\/\">otras opciones<\/a>.<\/p>\n<p>&nbsp;<\/p>\n","protected":false},"excerpt":{"rendered":"<p>Si buscas elegancia y glamour no te podr\u00e1s resistir a llevar este vestido de color negro que realza tu silueta.<\/p>\n<p>&nbsp;<\/p>\n<p>Ideal para celebraciones o para una cena especial, el vestido largo <strong>Sapporo<\/strong> siempre va a ser el centro de todas las miradas.<\/p>\n<p>&nbsp;<\/p>\n<p>Su fabricaci\u00f3n artesanal en tejido dral\u00f3n raso con elastano hace que te sientas c\u00f3moda desde el primer momento. Un detalle diferenciador son sus lentejuelas del mismo material y que le aportan un toque exclusivo y le dan car\u00e1cter al dise\u00f1o.<\/p>\n<p>&nbsp;<\/p>\n<p>Otro elemento maravilloso es su cuello halter que realza tus hombros.<\/p>\n<p>&nbsp;<\/p>\n<p>Una prenda de alta calidad realizada a mano con la que siempre acertar\u00e1s.<\/p>\n<p>&nbsp;<\/p>\n<p>Si el negro es tu color, no lo pienses m\u00e1s: <strong>Sapporo es tu elecci\u00f3n segura<\/strong>.<\/p>\n","protected":false},"featured_media":15860,"comment_status":"open","ping_status":"closed","template":"","meta":{"_acf_changed":false},"store":[],"product_brand":[],"product_cat":[201],"product_tag":[],"class_list":{"0":"post-17625","1":"product","2":"type-product","3":"status-publish","4":"has-post-thumbnail","6":"product_cat-long-dresses","8":"first","9":"instock","10":"taxable","11":"shipping-taxable","12":"purchasable","13":"product-type-variable"},"acf":[],"yoast_head":"<!-- This site is optimized with the Yoast SEO Premium plugin v25.1 (Yoast SEO v27.6) - https:\/\/yoast.com\/product\/yoast-seo-premium-wordpress\/ -->\n<title>Long black mermaid cut dress- Sapporo - Javier Barrio \u2713<\/title>\n<meta name=\"description\" content=\"Descubre la elegancia de este vestido largo negro con el glamour del cuello halter y del corte sirena. Prenda exclusiva de Alta Costura, hecha a mano.\" \/>\n<meta name=\"robots\" content=\"index, follow, max-snippet:-1, max-image-preview:large, max-video-preview:-1\" \/>\n<link rel=\"canonical\" href=\"https:\/\/javierbarriocouture.com\/product\/vestido-largo-negro-lentejuelas-cuello-halter-corte-sirena-sapporo\/\" \/>\n<meta property=\"og:locale\" content=\"en_US\" \/>\n<meta property=\"og:type\" content=\"article\" \/>\n<meta property=\"og:title\" content=\"Long black mermaid cut dress- Sapporo\" \/>\n<meta property=\"og:description\" content=\"Descubre la elegancia de este vestido largo negro con el glamour del cuello halter y del corte sirena. Prenda exclusiva de Alta Costura, hecha a mano.\" \/>\n<meta property=\"og:url\" content=\"https:\/\/javierbarriocouture.com\/product\/vestido-largo-negro-lentejuelas-cuello-halter-corte-sirena-sapporo\/\" \/>\n<meta property=\"og:site_name\" content=\"Javier Barrio Couture\" \/>\n<meta property=\"article:publisher\" content=\"https:\/\/www.facebook.com\/JavierBarrioCouture\" \/>\n<meta property=\"article:modified_time\" content=\"2023-03-13T14:31:59+00:00\" \/>\n<meta property=\"og:image\" content=\"https:\/\/javierbarriocouture.com\/wp-content\/uploads\/2022\/10\/vestido-largo-Sapporo-1_Javier-Barrio-couture.jpg\" \/>\n\t<meta property=\"og:image:width\" content=\"707\" \/>\n\t<meta property=\"og:image:height\" content=\"1100\" \/>\n\t<meta property=\"og:image:type\" content=\"image\/jpeg\" \/>\n<meta name=\"twitter:card\" content=\"summary_large_image\" \/>\n<meta name=\"twitter:site\" content=\"@javierbarrioC\" \/>\n<meta name=\"twitter:label1\" content=\"Availability\" \/>\n\t<meta name=\"twitter:data1\" content=\"In stock\" \/>\n<script type=\"application\/ld+json\" class=\"yoast-schema-graph\">{\"@context\":\"https:\\\/\\\/schema.org\",\"@graph\":[{\"@type\":\"WebPage\",\"@id\":\"https:\\\/\\\/javierbarriocouture.com\\\/product\\\/vestido-largo-negro-lentejuelas-cuello-halter-corte-sirena-sapporo\\\/\",\"url\":\"https:\\\/\\\/javierbarriocouture.com\\\/product\\\/vestido-largo-negro-lentejuelas-cuello-halter-corte-sirena-sapporo\\\/\",\"name\":\"Long black mermaid cut dress- Sapporo - Javier Barrio \u2713\",\"isPartOf\":{\"@id\":\"https:\\\/\\\/javierbarriocouture.com\\\/#website\"},\"primaryImageOfPage\":{\"@id\":\"https:\\\/\\\/javierbarriocouture.com\\\/product\\\/vestido-largo-negro-lentejuelas-cuello-halter-corte-sirena-sapporo\\\/#primaryimage\"},\"image\":{\"@id\":\"https:\\\/\\\/javierbarriocouture.com\\\/product\\\/vestido-largo-negro-lentejuelas-cuello-halter-corte-sirena-sapporo\\\/#primaryimage\"},\"thumbnailUrl\":\"https:\\\/\\\/javierbarriocouture.com\\\/wp-content\\\/uploads\\\/2022\\\/10\\\/vestido-largo-Sapporo-1_Javier-Barrio-couture.jpg\",\"datePublished\":\"2022-10-04T14:55:19+00:00\",\"dateModified\":\"2023-03-13T14:31:59+00:00\",\"description\":\"Descubre la elegancia de este vestido largo negro con el glamour del cuello halter y del corte sirena. Prenda exclusiva de Alta Costura, hecha a mano.\",\"breadcrumb\":{\"@id\":\"https:\\\/\\\/javierbarriocouture.com\\\/product\\\/vestido-largo-negro-lentejuelas-cuello-halter-corte-sirena-sapporo\\\/#breadcrumb\"},\"inLanguage\":\"en-US\",\"potentialAction\":[{\"@type\":\"ReadAction\",\"target\":[\"https:\\\/\\\/javierbarriocouture.com\\\/product\\\/vestido-largo-negro-lentejuelas-cuello-halter-corte-sirena-sapporo\\\/\"]}]},{\"@type\":\"ImageObject\",\"inLanguage\":\"en-US\",\"@id\":\"https:\\\/\\\/javierbarriocouture.com\\\/product\\\/vestido-largo-negro-lentejuelas-cuello-halter-corte-sirena-sapporo\\\/#primaryimage\",\"url\":\"https:\\\/\\\/javierbarriocouture.com\\\/wp-content\\\/uploads\\\/2022\\\/10\\\/vestido-largo-Sapporo-1_Javier-Barrio-couture.jpg\",\"contentUrl\":\"https:\\\/\\\/javierbarriocouture.com\\\/wp-content\\\/uploads\\\/2022\\\/10\\\/vestido-largo-Sapporo-1_Javier-Barrio-couture.jpg\",\"width\":707,\"height\":1100,\"caption\":\"Vestido largo Sapporo - Javier Barrio\"},{\"@type\":\"BreadcrumbList\",\"@id\":\"https:\\\/\\\/javierbarriocouture.com\\\/product\\\/vestido-largo-negro-lentejuelas-cuello-halter-corte-sirena-sapporo\\\/#breadcrumb\",\"itemListElement\":[{\"@type\":\"ListItem\",\"position\":1,\"name\":\"Portada\",\"item\":\"https:\\\/\\\/javierbarriocouture.com\\\/en\\\/\"},{\"@type\":\"ListItem\",\"position\":2,\"name\":\"Shop\",\"item\":\"https:\\\/\\\/javierbarriocouture.com\\\/en\\\/shop\\\/\"},{\"@type\":\"ListItem\",\"position\":3,\"name\":\"Long black mermaid cut dress- Sapporo\"}]},{\"@type\":\"WebSite\",\"@id\":\"https:\\\/\\\/javierbarriocouture.com\\\/#website\",\"url\":\"https:\\\/\\\/javierbarriocouture.com\\\/\",\"name\":\"Javier Barrio Couture\",\"description\":\"Javier Barrio Couture\",\"publisher\":{\"@id\":\"https:\\\/\\\/javierbarriocouture.com\\\/#organization\"},\"potentialAction\":[{\"@type\":\"SearchAction\",\"target\":{\"@type\":\"EntryPoint\",\"urlTemplate\":\"https:\\\/\\\/javierbarriocouture.com\\\/?s={search_term_string}\"},\"query-input\":{\"@type\":\"PropertyValueSpecification\",\"valueRequired\":true,\"valueName\":\"search_term_string\"}}],\"inLanguage\":\"en-US\"},{\"@type\":\"Organization\",\"@id\":\"https:\\\/\\\/javierbarriocouture.com\\\/#organization\",\"name\":\"Javier Barrio Couture\",\"url\":\"https:\\\/\\\/javierbarriocouture.com\\\/\",\"logo\":{\"@type\":\"ImageObject\",\"inLanguage\":\"en-US\",\"@id\":\"https:\\\/\\\/javierbarriocouture.com\\\/#\\\/schema\\\/logo\\\/image\\\/\",\"url\":\"https:\\\/\\\/javierbarriocouture.com\\\/wp-content\\\/uploads\\\/2018\\\/12\\\/logo3.png\",\"contentUrl\":\"https:\\\/\\\/javierbarriocouture.com\\\/wp-content\\\/uploads\\\/2018\\\/12\\\/logo3.png\",\"width\":268,\"height\":68,\"caption\":\"Javier Barrio Couture\"},\"image\":{\"@id\":\"https:\\\/\\\/javierbarriocouture.com\\\/#\\\/schema\\\/logo\\\/image\\\/\"},\"sameAs\":[\"https:\\\/\\\/www.facebook.com\\\/JavierBarrioCouture\",\"https:\\\/\\\/x.com\\\/javierbarrioC\",\"https:\\\/\\\/www.instagram.com\\\/javierbarrio_couture\\\/\",\"https:\\\/\\\/es.linkedin.com\\\/in\\\/javier-barrio-rey-1b929443\",\"https:\\\/\\\/www.pinterest.es\\\/javierbarriojb\\\/\",\"https:\\\/\\\/www.youtube.com\\\/channel\\\/UCjMiv0bKvLHADQ5RM5cDGsQ\\\/\"]}]}<\/script>\n<meta property=\"og:availability\" content=\"instock\" \/>\n<meta property=\"product:availability\" content=\"instock\" \/>\n<meta property=\"product:retailer_item_id\" content=\"0683489330945\" \/>\n<meta property=\"product:condition\" content=\"new\" \/>\n<!-- \/ Yoast SEO Premium plugin. -->","yoast_head_json":{"title":"Long black mermaid cut dress- Sapporo - Javier Barrio \u2713","description":"Descubre la elegancia de este vestido largo negro con el glamour del cuello halter y del corte sirena. Prenda exclusiva de Alta Costura, hecha a mano.","robots":{"index":"index","follow":"follow","max-snippet":"max-snippet:-1","max-image-preview":"max-image-preview:large","max-video-preview":"max-video-preview:-1"},"canonical":"https:\/\/javierbarriocouture.com\/product\/vestido-largo-negro-lentejuelas-cuello-halter-corte-sirena-sapporo\/","og_locale":"en_US","og_type":"article","og_title":"Long black mermaid cut dress- Sapporo","og_description":"Descubre la elegancia de este vestido largo negro con el glamour del cuello halter y del corte sirena. Prenda exclusiva de Alta Costura, hecha a mano.","og_url":"https:\/\/javierbarriocouture.com\/product\/vestido-largo-negro-lentejuelas-cuello-halter-corte-sirena-sapporo\/","og_site_name":"Javier Barrio Couture","article_publisher":"https:\/\/www.facebook.com\/JavierBarrioCouture","article_modified_time":"2023-03-13T14:31:59+00:00","og_image":[{"width":707,"height":1100,"url":"https:\/\/javierbarriocouture.com\/wp-content\/uploads\/2022\/10\/vestido-largo-Sapporo-1_Javier-Barrio-couture.jpg","type":"image\/jpeg"}],"twitter_card":"summary_large_image","twitter_site":"@javierbarrioC","twitter_misc":{"Availability":"In stock"},"schema":{"@context":"https:\/\/schema.org","@graph":[{"@type":"WebPage","@id":"https:\/\/javierbarriocouture.com\/product\/vestido-largo-negro-lentejuelas-cuello-halter-corte-sirena-sapporo\/","url":"https:\/\/javierbarriocouture.com\/product\/vestido-largo-negro-lentejuelas-cuello-halter-corte-sirena-sapporo\/","name":"Long black mermaid cut dress- Sapporo - Javier Barrio \u2713","isPartOf":{"@id":"https:\/\/javierbarriocouture.com\/#website"},"primaryImageOfPage":{"@id":"https:\/\/javierbarriocouture.com\/product\/vestido-largo-negro-lentejuelas-cuello-halter-corte-sirena-sapporo\/#primaryimage"},"image":{"@id":"https:\/\/javierbarriocouture.com\/product\/vestido-largo-negro-lentejuelas-cuello-halter-corte-sirena-sapporo\/#primaryimage"},"thumbnailUrl":"https:\/\/javierbarriocouture.com\/wp-content\/uploads\/2022\/10\/vestido-largo-Sapporo-1_Javier-Barrio-couture.jpg","datePublished":"2022-10-04T14:55:19+00:00","dateModified":"2023-03-13T14:31:59+00:00","description":"Descubre la elegancia de este vestido largo negro con el glamour del cuello halter y del corte sirena. Prenda exclusiva de Alta Costura, hecha a mano.","breadcrumb":{"@id":"https:\/\/javierbarriocouture.com\/product\/vestido-largo-negro-lentejuelas-cuello-halter-corte-sirena-sapporo\/#breadcrumb"},"inLanguage":"en-US","potentialAction":[{"@type":"ReadAction","target":["https:\/\/javierbarriocouture.com\/product\/vestido-largo-negro-lentejuelas-cuello-halter-corte-sirena-sapporo\/"]}]},{"@type":"ImageObject","inLanguage":"en-US","@id":"https:\/\/javierbarriocouture.com\/product\/vestido-largo-negro-lentejuelas-cuello-halter-corte-sirena-sapporo\/#primaryimage","url":"https:\/\/javierbarriocouture.com\/wp-content\/uploads\/2022\/10\/vestido-largo-Sapporo-1_Javier-Barrio-couture.jpg","contentUrl":"https:\/\/javierbarriocouture.com\/wp-content\/uploads\/2022\/10\/vestido-largo-Sapporo-1_Javier-Barrio-couture.jpg","width":707,"height":1100,"caption":"Vestido largo Sapporo - Javier Barrio"},{"@type":"BreadcrumbList","@id":"https:\/\/javierbarriocouture.com\/product\/vestido-largo-negro-lentejuelas-cuello-halter-corte-sirena-sapporo\/#breadcrumb","itemListElement":[{"@type":"ListItem","position":1,"name":"Portada","item":"https:\/\/javierbarriocouture.com\/en\/"},{"@type":"ListItem","position":2,"name":"Shop","item":"https:\/\/javierbarriocouture.com\/en\/shop\/"},{"@type":"ListItem","position":3,"name":"Long black mermaid cut dress- Sapporo"}]},{"@type":"WebSite","@id":"https:\/\/javierbarriocouture.com\/#website","url":"https:\/\/javierbarriocouture.com\/","name":"Javier Barrio Couture","description":"Javier Barrio Couture","publisher":{"@id":"https:\/\/javierbarriocouture.com\/#organization"},"potentialAction":[{"@type":"SearchAction","target":{"@type":"EntryPoint","urlTemplate":"https:\/\/javierbarriocouture.com\/?s={search_term_string}"},"query-input":{"@type":"PropertyValueSpecification","valueRequired":true,"valueName":"search_term_string"}}],"inLanguage":"en-US"},{"@type":"Organization","@id":"https:\/\/javierbarriocouture.com\/#organization","name":"Javier Barrio Couture","url":"https:\/\/javierbarriocouture.com\/","logo":{"@type":"ImageObject","inLanguage":"en-US","@id":"https:\/\/javierbarriocouture.com\/#\/schema\/logo\/image\/","url":"https:\/\/javierbarriocouture.com\/wp-content\/uploads\/2018\/12\/logo3.png","contentUrl":"https:\/\/javierbarriocouture.com\/wp-content\/uploads\/2018\/12\/logo3.png","width":268,"height":68,"caption":"Javier Barrio Couture"},"image":{"@id":"https:\/\/javierbarriocouture.com\/#\/schema\/logo\/image\/"},"sameAs":["https:\/\/www.facebook.com\/JavierBarrioCouture","https:\/\/x.com\/javierbarrioC","https:\/\/www.instagram.com\/javierbarrio_couture\/","https:\/\/es.linkedin.com\/in\/javier-barrio-rey-1b929443","https:\/\/www.pinterest.es\/javierbarriojb\/","https:\/\/www.youtube.com\/channel\/UCjMiv0bKvLHADQ5RM5cDGsQ\/"]}]},"og_availability":"instock","product_availability":"instock","product_retailer_item_id":"0683489330945","product_condition":"new"},"_links":{"self":[{"href":"https:\/\/javierbarriocouture.com\/en\/wp-json\/wp\/v2\/product\/17625","targetHints":{"allow":["GET"]}}],"collection":[{"href":"https:\/\/javierbarriocouture.com\/en\/wp-json\/wp\/v2\/product"}],"about":[{"href":"https:\/\/javierbarriocouture.com\/en\/wp-json\/wp\/v2\/types\/product"}],"replies":[{"embeddable":true,"href":"https:\/\/javierbarriocouture.com\/en\/wp-json\/wp\/v2\/comments?post=17625"}],"version-history":[{"count":1,"href":"https:\/\/javierbarriocouture.com\/en\/wp-json\/wp\/v2\/product\/17625\/revisions"}],"predecessor-version":[{"id":17631,"href":"https:\/\/javierbarriocouture.com\/en\/wp-json\/wp\/v2\/product\/17625\/revisions\/17631"}],"wp:featuredmedia":[{"embeddable":true,"href":"https:\/\/javierbarriocouture.com\/en\/wp-json\/wp\/v2\/media\/15860"}],"wp:attachment":[{"href":"https:\/\/javierbarriocouture.com\/en\/wp-json\/wp\/v2\/media?parent=17625"}],"wp:term":[{"taxonomy":"store","embeddable":true,"href":"https:\/\/javierbarriocouture.com\/en\/wp-json\/wp\/v2\/store?post=17625"},{"taxonomy":"product_brand","embeddable":true,"href":"https:\/\/javierbarriocouture.com\/en\/wp-json\/wp\/v2\/product_brand?post=17625"},{"taxonomy":"product_cat","embeddable":true,"href":"https:\/\/javierbarriocouture.com\/en\/wp-json\/wp\/v2\/product_cat?post=17625"},{"taxonomy":"product_tag","embeddable":true,"href":"https:\/\/javierbarriocouture.com\/en\/wp-json\/wp\/v2\/product_tag?post=17625"}],"curies":[{"name":"wp","href":"https:\/\/api.w.org\/{rel}","templated":true}]}}