{"id":17632,"date":"2022-09-15T01:51:50","date_gmt":"2022-09-14T23:51:50","guid":{"rendered":"https:\/\/javierbarriocouture.com\/producto\/vestido-largo-negro-lentejuelas-escote-pico-femme\/"},"modified":"2023-03-13T15:34:41","modified_gmt":"2023-03-13T14:34:41","slug":"long-black-dress-with-sequins-femme","status":"publish","type":"product","link":"https:\/\/javierbarriocouture.com\/en\/product\/long-black-dress-with-sequins-femme\/","title":{"rendered":"Long black dress with sequins &#8211; Femme"},"content":{"rendered":"<p style=\"text-align: left;\"><strong>Descripci\u00f3n:<\/strong> Vestido largo negro lentejuelas que combina escote en pico y espalda al aire, con un corte recto y lentejuelas dispuestas en zigzag.<\/p>\n<p>&nbsp;<\/p>\n<p style=\"text-align: left;\"><strong>Detalle t\u00e9cnico:<\/strong> El vestido est\u00e1 confeccionado con tejido en lentejuelas de dral\u00f3n poli\u00e9ster por termosellado incluyendo el forro del vestido y a tono al color del mismo. El vestido largo Feme lleva cremallera invisible de calidad a tono del mismo y costuras reforzadas y francesas.<\/p>\n<p>&nbsp;<\/p>\n<p style=\"text-align: left;\"><strong>Porcentajes composici\u00f3n vestido: <\/strong>DRAL\u00d3N POLI\u00c9STER 100%.<\/p>\n<p>&nbsp;<\/p>\n<p style=\"text-align: left;\">Si a\u00fan as\u00ed quieres ver otras opciones de vestidos largos, sigue el siguiente enlace &gt;&gt; <a href=\"https:\/\/javierbarriocouture.com\/en\/product-category\/long-dresses\/\">otras opciones<\/a>.<\/p>\n<p>&nbsp;<\/p>\n","protected":false},"excerpt":{"rendered":"<p>Ya sea para una fiesta, celebraci\u00f3n, boda o como fondo de armario, el vestido largo Feme es ideal.<\/p>\n<p>&nbsp;<\/p>\n<p>Su corte recto consigue realzar las formas de tu cuerpo y las lentejuelas dispuestas en zigzag hacen que brille de forma espectacular.<\/p>\n<p>&nbsp;<\/p>\n<p>El vestido combina escote en pico y espalda al aire, con cremallera invisible.<\/p>\n<p>Como en otros vestidos de la firma, las costuras son reforzadas y francesas.<\/p>\n<p>&nbsp;<\/p>\n<p>El vestido largo Feme es una prenda de lujo realizada por manos artesanas.<\/p>\n<p>&nbsp;<\/p>\n<p>\u00bfSer\u00e1 Feme tu vestido ideal?<\/p>\n<p>&nbsp;<\/p>\n","protected":false},"featured_media":16395,"comment_status":"open","ping_status":"closed","template":"","meta":{"_acf_changed":false},"store":[],"product_brand":[],"product_cat":[201],"product_tag":[],"class_list":{"0":"post-17632","1":"product","2":"type-product","3":"status-publish","4":"has-post-thumbnail","6":"product_cat-long-dresses","8":"first","9":"instock","10":"taxable","11":"shipping-taxable","12":"purchasable","13":"product-type-variable"},"acf":[],"yoast_head":"<!-- This site is optimized with the Yoast SEO Premium plugin v25.1 (Yoast SEO v27.4) - https:\/\/yoast.com\/product\/yoast-seo-premium-wordpress\/ -->\n<title>Long black dress with sequins - Femme - Javier Barrio \u2713<\/title>\n<meta name=\"description\" content=\"\u00a1No lo dudes!. Este vestido de Alta Costura es ideal para cualquier celebraci\u00f3n. \u00a1Con el vestido largo Feme negro de lentejuelas ser\u00e1s la invitada perfecta!\" \/>\n<meta name=\"robots\" content=\"index, follow, max-snippet:-1, max-image-preview:large, max-video-preview:-1\" \/>\n<link rel=\"canonical\" href=\"https:\/\/javierbarriocouture.com\/product\/vestido-largo-negro-lentejuelas-escote-pico-femme\/\" \/>\n<meta property=\"og:locale\" content=\"en_US\" \/>\n<meta property=\"og:type\" content=\"article\" \/>\n<meta property=\"og:title\" content=\"Long black dress with sequins - Femme\" \/>\n<meta property=\"og:description\" content=\"\u00a1No lo dudes!. Este vestido de Alta Costura es ideal para cualquier celebraci\u00f3n. \u00a1Con el vestido largo Feme negro de lentejuelas ser\u00e1s la invitada perfecta!\" \/>\n<meta property=\"og:url\" content=\"https:\/\/javierbarriocouture.com\/product\/vestido-largo-negro-lentejuelas-escote-pico-femme\/\" \/>\n<meta property=\"og:site_name\" content=\"Javier Barrio Couture\" \/>\n<meta property=\"article:publisher\" content=\"https:\/\/www.facebook.com\/JavierBarrioCouture\" \/>\n<meta property=\"article:modified_time\" content=\"2023-03-13T14:34:41+00:00\" \/>\n<meta property=\"og:image\" content=\"https:\/\/javierbarriocouture.com\/wp-content\/uploads\/2022\/09\/vestido-largo-feme-1_Javier-Barrio-couture.jpg\" \/>\n\t<meta property=\"og:image:width\" content=\"707\" \/>\n\t<meta property=\"og:image:height\" content=\"1100\" \/>\n\t<meta property=\"og:image:type\" content=\"image\/jpeg\" \/>\n<meta name=\"twitter:card\" content=\"summary_large_image\" \/>\n<meta name=\"twitter:site\" content=\"@javierbarrioC\" \/>\n<meta name=\"twitter:label1\" content=\"Availability\" \/>\n\t<meta name=\"twitter:data1\" content=\"In stock\" \/>\n<script type=\"application\/ld+json\" class=\"yoast-schema-graph\">{\"@context\":\"https:\\\/\\\/schema.org\",\"@graph\":[{\"@type\":\"WebPage\",\"@id\":\"https:\\\/\\\/javierbarriocouture.com\\\/product\\\/vestido-largo-negro-lentejuelas-escote-pico-femme\\\/\",\"url\":\"https:\\\/\\\/javierbarriocouture.com\\\/product\\\/vestido-largo-negro-lentejuelas-escote-pico-femme\\\/\",\"name\":\"Long black dress with sequins - Femme - Javier Barrio \u2713\",\"isPartOf\":{\"@id\":\"https:\\\/\\\/javierbarriocouture.com\\\/#website\"},\"primaryImageOfPage\":{\"@id\":\"https:\\\/\\\/javierbarriocouture.com\\\/product\\\/vestido-largo-negro-lentejuelas-escote-pico-femme\\\/#primaryimage\"},\"image\":{\"@id\":\"https:\\\/\\\/javierbarriocouture.com\\\/product\\\/vestido-largo-negro-lentejuelas-escote-pico-femme\\\/#primaryimage\"},\"thumbnailUrl\":\"https:\\\/\\\/javierbarriocouture.com\\\/wp-content\\\/uploads\\\/2022\\\/09\\\/vestido-largo-feme-1_Javier-Barrio-couture.jpg\",\"datePublished\":\"2022-09-14T23:51:50+00:00\",\"dateModified\":\"2023-03-13T14:34:41+00:00\",\"description\":\"\u00a1No lo dudes!. Este vestido de Alta Costura es ideal para cualquier celebraci\u00f3n. \u00a1Con el vestido largo Feme negro de lentejuelas ser\u00e1s la invitada perfecta!\",\"breadcrumb\":{\"@id\":\"https:\\\/\\\/javierbarriocouture.com\\\/product\\\/vestido-largo-negro-lentejuelas-escote-pico-femme\\\/#breadcrumb\"},\"inLanguage\":\"en-US\",\"potentialAction\":[{\"@type\":\"ReadAction\",\"target\":[\"https:\\\/\\\/javierbarriocouture.com\\\/product\\\/vestido-largo-negro-lentejuelas-escote-pico-femme\\\/\"]}]},{\"@type\":\"ImageObject\",\"inLanguage\":\"en-US\",\"@id\":\"https:\\\/\\\/javierbarriocouture.com\\\/product\\\/vestido-largo-negro-lentejuelas-escote-pico-femme\\\/#primaryimage\",\"url\":\"https:\\\/\\\/javierbarriocouture.com\\\/wp-content\\\/uploads\\\/2022\\\/09\\\/vestido-largo-feme-1_Javier-Barrio-couture.jpg\",\"contentUrl\":\"https:\\\/\\\/javierbarriocouture.com\\\/wp-content\\\/uploads\\\/2022\\\/09\\\/vestido-largo-feme-1_Javier-Barrio-couture.jpg\",\"width\":707,\"height\":1100,\"caption\":\"vestido largo de fiesta Arena - Javier Barrio Couture\"},{\"@type\":\"BreadcrumbList\",\"@id\":\"https:\\\/\\\/javierbarriocouture.com\\\/product\\\/vestido-largo-negro-lentejuelas-escote-pico-femme\\\/#breadcrumb\",\"itemListElement\":[{\"@type\":\"ListItem\",\"position\":1,\"name\":\"Portada\",\"item\":\"https:\\\/\\\/javierbarriocouture.com\\\/en\\\/\"},{\"@type\":\"ListItem\",\"position\":2,\"name\":\"Shop\",\"item\":\"https:\\\/\\\/javierbarriocouture.com\\\/en\\\/shop\\\/\"},{\"@type\":\"ListItem\",\"position\":3,\"name\":\"Long black dress with sequins &#8211; Femme\"}]},{\"@type\":\"WebSite\",\"@id\":\"https:\\\/\\\/javierbarriocouture.com\\\/#website\",\"url\":\"https:\\\/\\\/javierbarriocouture.com\\\/\",\"name\":\"Javier Barrio Couture\",\"description\":\"Javier Barrio Couture\",\"publisher\":{\"@id\":\"https:\\\/\\\/javierbarriocouture.com\\\/#organization\"},\"potentialAction\":[{\"@type\":\"SearchAction\",\"target\":{\"@type\":\"EntryPoint\",\"urlTemplate\":\"https:\\\/\\\/javierbarriocouture.com\\\/?s={search_term_string}\"},\"query-input\":{\"@type\":\"PropertyValueSpecification\",\"valueRequired\":true,\"valueName\":\"search_term_string\"}}],\"inLanguage\":\"en-US\"},{\"@type\":\"Organization\",\"@id\":\"https:\\\/\\\/javierbarriocouture.com\\\/#organization\",\"name\":\"Javier Barrio Couture\",\"url\":\"https:\\\/\\\/javierbarriocouture.com\\\/\",\"logo\":{\"@type\":\"ImageObject\",\"inLanguage\":\"en-US\",\"@id\":\"https:\\\/\\\/javierbarriocouture.com\\\/#\\\/schema\\\/logo\\\/image\\\/\",\"url\":\"https:\\\/\\\/javierbarriocouture.com\\\/wp-content\\\/uploads\\\/2018\\\/12\\\/logo3.png\",\"contentUrl\":\"https:\\\/\\\/javierbarriocouture.com\\\/wp-content\\\/uploads\\\/2018\\\/12\\\/logo3.png\",\"width\":268,\"height\":68,\"caption\":\"Javier Barrio Couture\"},\"image\":{\"@id\":\"https:\\\/\\\/javierbarriocouture.com\\\/#\\\/schema\\\/logo\\\/image\\\/\"},\"sameAs\":[\"https:\\\/\\\/www.facebook.com\\\/JavierBarrioCouture\",\"https:\\\/\\\/x.com\\\/javierbarrioC\",\"https:\\\/\\\/www.instagram.com\\\/javierbarrio_couture\\\/\",\"https:\\\/\\\/es.linkedin.com\\\/in\\\/javier-barrio-rey-1b929443\",\"https:\\\/\\\/www.pinterest.es\\\/javierbarriojb\\\/\",\"https:\\\/\\\/www.youtube.com\\\/channel\\\/UCjMiv0bKvLHADQ5RM5cDGsQ\\\/\"]}]}<\/script>\n<meta property=\"og:availability\" content=\"instock\" \/>\n<meta property=\"product:availability\" content=\"instock\" \/>\n<meta property=\"product:condition\" content=\"new\" \/>\n<!-- \/ Yoast SEO Premium plugin. -->","yoast_head_json":{"title":"Long black dress with sequins - Femme - Javier Barrio \u2713","description":"\u00a1No lo dudes!. Este vestido de Alta Costura es ideal para cualquier celebraci\u00f3n. \u00a1Con el vestido largo Feme negro de lentejuelas ser\u00e1s la invitada perfecta!","robots":{"index":"index","follow":"follow","max-snippet":"max-snippet:-1","max-image-preview":"max-image-preview:large","max-video-preview":"max-video-preview:-1"},"canonical":"https:\/\/javierbarriocouture.com\/product\/vestido-largo-negro-lentejuelas-escote-pico-femme\/","og_locale":"en_US","og_type":"article","og_title":"Long black dress with sequins - Femme","og_description":"\u00a1No lo dudes!. Este vestido de Alta Costura es ideal para cualquier celebraci\u00f3n. \u00a1Con el vestido largo Feme negro de lentejuelas ser\u00e1s la invitada perfecta!","og_url":"https:\/\/javierbarriocouture.com\/product\/vestido-largo-negro-lentejuelas-escote-pico-femme\/","og_site_name":"Javier Barrio Couture","article_publisher":"https:\/\/www.facebook.com\/JavierBarrioCouture","article_modified_time":"2023-03-13T14:34:41+00:00","og_image":[{"width":707,"height":1100,"url":"https:\/\/javierbarriocouture.com\/wp-content\/uploads\/2022\/09\/vestido-largo-feme-1_Javier-Barrio-couture.jpg","type":"image\/jpeg"}],"twitter_card":"summary_large_image","twitter_site":"@javierbarrioC","twitter_misc":{"Availability":"In stock"},"schema":{"@context":"https:\/\/schema.org","@graph":[{"@type":"WebPage","@id":"https:\/\/javierbarriocouture.com\/product\/vestido-largo-negro-lentejuelas-escote-pico-femme\/","url":"https:\/\/javierbarriocouture.com\/product\/vestido-largo-negro-lentejuelas-escote-pico-femme\/","name":"Long black dress with sequins - Femme - Javier Barrio \u2713","isPartOf":{"@id":"https:\/\/javierbarriocouture.com\/#website"},"primaryImageOfPage":{"@id":"https:\/\/javierbarriocouture.com\/product\/vestido-largo-negro-lentejuelas-escote-pico-femme\/#primaryimage"},"image":{"@id":"https:\/\/javierbarriocouture.com\/product\/vestido-largo-negro-lentejuelas-escote-pico-femme\/#primaryimage"},"thumbnailUrl":"https:\/\/javierbarriocouture.com\/wp-content\/uploads\/2022\/09\/vestido-largo-feme-1_Javier-Barrio-couture.jpg","datePublished":"2022-09-14T23:51:50+00:00","dateModified":"2023-03-13T14:34:41+00:00","description":"\u00a1No lo dudes!. Este vestido de Alta Costura es ideal para cualquier celebraci\u00f3n. \u00a1Con el vestido largo Feme negro de lentejuelas ser\u00e1s la invitada perfecta!","breadcrumb":{"@id":"https:\/\/javierbarriocouture.com\/product\/vestido-largo-negro-lentejuelas-escote-pico-femme\/#breadcrumb"},"inLanguage":"en-US","potentialAction":[{"@type":"ReadAction","target":["https:\/\/javierbarriocouture.com\/product\/vestido-largo-negro-lentejuelas-escote-pico-femme\/"]}]},{"@type":"ImageObject","inLanguage":"en-US","@id":"https:\/\/javierbarriocouture.com\/product\/vestido-largo-negro-lentejuelas-escote-pico-femme\/#primaryimage","url":"https:\/\/javierbarriocouture.com\/wp-content\/uploads\/2022\/09\/vestido-largo-feme-1_Javier-Barrio-couture.jpg","contentUrl":"https:\/\/javierbarriocouture.com\/wp-content\/uploads\/2022\/09\/vestido-largo-feme-1_Javier-Barrio-couture.jpg","width":707,"height":1100,"caption":"vestido largo de fiesta Arena - Javier Barrio Couture"},{"@type":"BreadcrumbList","@id":"https:\/\/javierbarriocouture.com\/product\/vestido-largo-negro-lentejuelas-escote-pico-femme\/#breadcrumb","itemListElement":[{"@type":"ListItem","position":1,"name":"Portada","item":"https:\/\/javierbarriocouture.com\/en\/"},{"@type":"ListItem","position":2,"name":"Shop","item":"https:\/\/javierbarriocouture.com\/en\/shop\/"},{"@type":"ListItem","position":3,"name":"Long black dress with sequins &#8211; Femme"}]},{"@type":"WebSite","@id":"https:\/\/javierbarriocouture.com\/#website","url":"https:\/\/javierbarriocouture.com\/","name":"Javier Barrio Couture","description":"Javier Barrio Couture","publisher":{"@id":"https:\/\/javierbarriocouture.com\/#organization"},"potentialAction":[{"@type":"SearchAction","target":{"@type":"EntryPoint","urlTemplate":"https:\/\/javierbarriocouture.com\/?s={search_term_string}"},"query-input":{"@type":"PropertyValueSpecification","valueRequired":true,"valueName":"search_term_string"}}],"inLanguage":"en-US"},{"@type":"Organization","@id":"https:\/\/javierbarriocouture.com\/#organization","name":"Javier Barrio Couture","url":"https:\/\/javierbarriocouture.com\/","logo":{"@type":"ImageObject","inLanguage":"en-US","@id":"https:\/\/javierbarriocouture.com\/#\/schema\/logo\/image\/","url":"https:\/\/javierbarriocouture.com\/wp-content\/uploads\/2018\/12\/logo3.png","contentUrl":"https:\/\/javierbarriocouture.com\/wp-content\/uploads\/2018\/12\/logo3.png","width":268,"height":68,"caption":"Javier Barrio Couture"},"image":{"@id":"https:\/\/javierbarriocouture.com\/#\/schema\/logo\/image\/"},"sameAs":["https:\/\/www.facebook.com\/JavierBarrioCouture","https:\/\/x.com\/javierbarrioC","https:\/\/www.instagram.com\/javierbarrio_couture\/","https:\/\/es.linkedin.com\/in\/javier-barrio-rey-1b929443","https:\/\/www.pinterest.es\/javierbarriojb\/","https:\/\/www.youtube.com\/channel\/UCjMiv0bKvLHADQ5RM5cDGsQ\/"]}]},"og_availability":"instock","product_availability":"instock","product_condition":"new"},"_links":{"self":[{"href":"https:\/\/javierbarriocouture.com\/en\/wp-json\/wp\/v2\/product\/17632","targetHints":{"allow":["GET"]}}],"collection":[{"href":"https:\/\/javierbarriocouture.com\/en\/wp-json\/wp\/v2\/product"}],"about":[{"href":"https:\/\/javierbarriocouture.com\/en\/wp-json\/wp\/v2\/types\/product"}],"replies":[{"embeddable":true,"href":"https:\/\/javierbarriocouture.com\/en\/wp-json\/wp\/v2\/comments?post=17632"}],"version-history":[{"count":1,"href":"https:\/\/javierbarriocouture.com\/en\/wp-json\/wp\/v2\/product\/17632\/revisions"}],"predecessor-version":[{"id":17638,"href":"https:\/\/javierbarriocouture.com\/en\/wp-json\/wp\/v2\/product\/17632\/revisions\/17638"}],"wp:featuredmedia":[{"embeddable":true,"href":"https:\/\/javierbarriocouture.com\/en\/wp-json\/wp\/v2\/media\/16395"}],"wp:attachment":[{"href":"https:\/\/javierbarriocouture.com\/en\/wp-json\/wp\/v2\/media?parent=17632"}],"wp:term":[{"taxonomy":"store","embeddable":true,"href":"https:\/\/javierbarriocouture.com\/en\/wp-json\/wp\/v2\/store?post=17632"},{"taxonomy":"product_brand","embeddable":true,"href":"https:\/\/javierbarriocouture.com\/en\/wp-json\/wp\/v2\/product_brand?post=17632"},{"taxonomy":"product_cat","embeddable":true,"href":"https:\/\/javierbarriocouture.com\/en\/wp-json\/wp\/v2\/product_cat?post=17632"},{"taxonomy":"product_tag","embeddable":true,"href":"https:\/\/javierbarriocouture.com\/en\/wp-json\/wp\/v2\/product_tag?post=17632"}],"curies":[{"name":"wp","href":"https:\/\/api.w.org\/{rel}","templated":true}]}}