{"id":17655,"date":"2023-01-01T22:47:33","date_gmt":"2023-01-01T21:47:33","guid":{"rendered":"https:\/\/javierbarriocouture.com\/producto\/vestido-coctel-palabra-honor-salmon-con-motivos-florales-nara\/"},"modified":"2023-03-14T00:59:44","modified_gmt":"2023-03-13T23:59:44","slug":"salmon-strapless-cocktail-dress-with-floral-motifs-nara","status":"publish","type":"product","link":"https:\/\/javierbarriocouture.com\/en\/product\/salmon-strapless-cocktail-dress-with-floral-motifs-nara\/","title":{"rendered":"Salmon strapless cocktail dress with floral motifs &#8211; Nara"},"content":{"rendered":"<p style=\"text-align: left;\"><strong>Descripci\u00f3n:<\/strong> Vestido de c\u00f3ctel palabra de honor color salm\u00f3n con motivos florales.<\/p>\n<p>&nbsp;<\/p>\n<p style=\"text-align: left;\"><strong>Detalle t\u00e9cnico: <\/strong>Tejido de tul bordado de lentejuelas y piezas de metacrilato de dral\u00f3n poli\u00e9ster con elastano con gasa de seda en mangas incluyendo el forro del mismo vestido y a tono al color del mismo. Cremallera invisible de calidad a tono del mismo. Costuras reforzadas y francesas.<\/p>\n<p>&nbsp;<\/p>\n<p class=\"p1\" style=\"text-align: left;\"><strong>Composici\u00f3n:<\/strong> 97% POLIESTER 3% ELASTANO y en partes 100% seda.<\/p>\n<p>&nbsp;<\/p>\n<p style=\"text-align: left;\">Si a\u00fan as\u00ed quieres ver otras opciones de vestidos cortos, sigue el siguiente enlace &gt;&gt; <a href=\"https:\/\/javierbarriocouture.com\/en\/product-category\/short-dresses\/\">otras opciones<\/a>.<\/p>\n<p>&nbsp;<\/p>\n<p>&nbsp;<\/p>\n","protected":false},"excerpt":{"rendered":"<p><strong>Nara<\/strong> est\u00e1 confeccionado en un suave y fluido tejido de gasa de seda que ofrece una sensaci\u00f3n de comodidad en una favorecedora silueta con largo midi. El vestido tiene un corte recto, con mangas obispo y color salm\u00f3n.<\/p>\n<p>&nbsp;<\/p>\n<p>Es un imprescindible para esta temporada. Su silueta cl\u00e1sica favorece la silueta y, gracias a su dise\u00f1o sin tirantes, puede combinarse para cualquier ocasi\u00f3n. Nos encanta el color salm\u00f3n y los motivos florales en contraste del cuerpo.<\/p>\n","protected":false},"featured_media":17213,"comment_status":"closed","ping_status":"closed","template":"","meta":{"_acf_changed":false},"store":[],"product_brand":[],"product_cat":[207],"product_tag":[],"class_list":{"0":"post-17655","1":"product","2":"type-product","3":"status-publish","4":"has-post-thumbnail","6":"product_cat-short-dresses","8":"first","9":"instock","10":"taxable","11":"shipping-taxable","12":"purchasable","13":"product-type-variable"},"acf":[],"yoast_head":"<!-- This site is optimized with the Yoast SEO Premium plugin v25.1 (Yoast SEO v27.4) - https:\/\/yoast.com\/product\/yoast-seo-premium-wordpress\/ -->\n<title>Vestido c\u00f3ctel palabra honor salm\u00f3n - Nara - Javier Barrio<\/title>\n<meta name=\"description\" content=\"Vestido de c\u00f3ctel palabra de honor en color salm\u00f3n con mangas de obispo, y transparencias con flores. Una pieza \u00fanica e ideal para c\u00f3ctel que debes probar.\" \/>\n<meta name=\"robots\" content=\"index, follow, max-snippet:-1, max-image-preview:large, max-video-preview:-1\" \/>\n<link rel=\"canonical\" href=\"https:\/\/javierbarriocouture.com\/product\/vestido-coctel-palabra-honor-salmon-con-motivos-florales-nara\/\" \/>\n<meta property=\"og:locale\" content=\"en_US\" \/>\n<meta property=\"og:type\" content=\"article\" \/>\n<meta property=\"og:title\" content=\"Salmon strapless cocktail dress with floral motifs - Nara\" \/>\n<meta property=\"og:description\" content=\"Vestido de c\u00f3ctel palabra de honor en color salm\u00f3n con mangas de obispo, y transparencias con flores. Una pieza \u00fanica e ideal para c\u00f3ctel que debes probar.\" \/>\n<meta property=\"og:url\" content=\"https:\/\/javierbarriocouture.com\/product\/vestido-coctel-palabra-honor-salmon-con-motivos-florales-nara\/\" \/>\n<meta property=\"og:site_name\" content=\"Javier Barrio Couture\" \/>\n<meta property=\"article:publisher\" content=\"https:\/\/www.facebook.com\/JavierBarrioCouture\" \/>\n<meta property=\"article:modified_time\" content=\"2023-03-13T23:59:44+00:00\" \/>\n<meta property=\"og:image\" content=\"https:\/\/javierbarriocouture.com\/wp-content\/uploads\/2023\/01\/vestido-corto-Nara-1_Javier-Barrio-couture.jpg\" \/>\n\t<meta property=\"og:image:width\" content=\"707\" \/>\n\t<meta property=\"og:image:height\" content=\"1100\" \/>\n\t<meta property=\"og:image:type\" content=\"image\/jpeg\" \/>\n<meta name=\"twitter:card\" content=\"summary_large_image\" \/>\n<meta name=\"twitter:site\" content=\"@javierbarrioC\" \/>\n<meta name=\"twitter:label1\" content=\"Availability\" \/>\n\t<meta name=\"twitter:data1\" content=\"In stock\" \/>\n<script type=\"application\/ld+json\" class=\"yoast-schema-graph\">{\"@context\":\"https:\\\/\\\/schema.org\",\"@graph\":[{\"@type\":\"WebPage\",\"@id\":\"https:\\\/\\\/javierbarriocouture.com\\\/product\\\/vestido-coctel-palabra-honor-salmon-con-motivos-florales-nara\\\/\",\"url\":\"https:\\\/\\\/javierbarriocouture.com\\\/product\\\/vestido-coctel-palabra-honor-salmon-con-motivos-florales-nara\\\/\",\"name\":\"Vestido c\u00f3ctel palabra honor salm\u00f3n - Nara - Javier Barrio\",\"isPartOf\":{\"@id\":\"https:\\\/\\\/javierbarriocouture.com\\\/#website\"},\"primaryImageOfPage\":{\"@id\":\"https:\\\/\\\/javierbarriocouture.com\\\/product\\\/vestido-coctel-palabra-honor-salmon-con-motivos-florales-nara\\\/#primaryimage\"},\"image\":{\"@id\":\"https:\\\/\\\/javierbarriocouture.com\\\/product\\\/vestido-coctel-palabra-honor-salmon-con-motivos-florales-nara\\\/#primaryimage\"},\"thumbnailUrl\":\"https:\\\/\\\/javierbarriocouture.com\\\/wp-content\\\/uploads\\\/2023\\\/01\\\/vestido-corto-Nara-1_Javier-Barrio-couture.jpg\",\"datePublished\":\"2023-01-01T21:47:33+00:00\",\"dateModified\":\"2023-03-13T23:59:44+00:00\",\"description\":\"Vestido de c\u00f3ctel palabra de honor en color salm\u00f3n con mangas de obispo, y transparencias con flores. Una pieza \u00fanica e ideal para c\u00f3ctel que debes probar.\",\"breadcrumb\":{\"@id\":\"https:\\\/\\\/javierbarriocouture.com\\\/product\\\/vestido-coctel-palabra-honor-salmon-con-motivos-florales-nara\\\/#breadcrumb\"},\"inLanguage\":\"en-US\",\"potentialAction\":[{\"@type\":\"ReadAction\",\"target\":[\"https:\\\/\\\/javierbarriocouture.com\\\/product\\\/vestido-coctel-palabra-honor-salmon-con-motivos-florales-nara\\\/\"]}]},{\"@type\":\"ImageObject\",\"inLanguage\":\"en-US\",\"@id\":\"https:\\\/\\\/javierbarriocouture.com\\\/product\\\/vestido-coctel-palabra-honor-salmon-con-motivos-florales-nara\\\/#primaryimage\",\"url\":\"https:\\\/\\\/javierbarriocouture.com\\\/wp-content\\\/uploads\\\/2023\\\/01\\\/vestido-corto-Nara-1_Javier-Barrio-couture.jpg\",\"contentUrl\":\"https:\\\/\\\/javierbarriocouture.com\\\/wp-content\\\/uploads\\\/2023\\\/01\\\/vestido-corto-Nara-1_Javier-Barrio-couture.jpg\",\"width\":707,\"height\":1100,\"caption\":\"Vestido de c\u00f3ctel Nara dorado con corte camisero y escote en pico - Javier Barrio\"},{\"@type\":\"BreadcrumbList\",\"@id\":\"https:\\\/\\\/javierbarriocouture.com\\\/product\\\/vestido-coctel-palabra-honor-salmon-con-motivos-florales-nara\\\/#breadcrumb\",\"itemListElement\":[{\"@type\":\"ListItem\",\"position\":1,\"name\":\"Portada\",\"item\":\"https:\\\/\\\/javierbarriocouture.com\\\/en\\\/\"},{\"@type\":\"ListItem\",\"position\":2,\"name\":\"Shop\",\"item\":\"https:\\\/\\\/javierbarriocouture.com\\\/en\\\/shop\\\/\"},{\"@type\":\"ListItem\",\"position\":3,\"name\":\"Salmon strapless cocktail dress with floral motifs &#8211; Nara\"}]},{\"@type\":\"WebSite\",\"@id\":\"https:\\\/\\\/javierbarriocouture.com\\\/#website\",\"url\":\"https:\\\/\\\/javierbarriocouture.com\\\/\",\"name\":\"Javier Barrio Couture\",\"description\":\"Javier Barrio Couture\",\"publisher\":{\"@id\":\"https:\\\/\\\/javierbarriocouture.com\\\/#organization\"},\"potentialAction\":[{\"@type\":\"SearchAction\",\"target\":{\"@type\":\"EntryPoint\",\"urlTemplate\":\"https:\\\/\\\/javierbarriocouture.com\\\/?s={search_term_string}\"},\"query-input\":{\"@type\":\"PropertyValueSpecification\",\"valueRequired\":true,\"valueName\":\"search_term_string\"}}],\"inLanguage\":\"en-US\"},{\"@type\":\"Organization\",\"@id\":\"https:\\\/\\\/javierbarriocouture.com\\\/#organization\",\"name\":\"Javier Barrio Couture\",\"url\":\"https:\\\/\\\/javierbarriocouture.com\\\/\",\"logo\":{\"@type\":\"ImageObject\",\"inLanguage\":\"en-US\",\"@id\":\"https:\\\/\\\/javierbarriocouture.com\\\/#\\\/schema\\\/logo\\\/image\\\/\",\"url\":\"https:\\\/\\\/javierbarriocouture.com\\\/wp-content\\\/uploads\\\/2018\\\/12\\\/logo3.png\",\"contentUrl\":\"https:\\\/\\\/javierbarriocouture.com\\\/wp-content\\\/uploads\\\/2018\\\/12\\\/logo3.png\",\"width\":268,\"height\":68,\"caption\":\"Javier Barrio Couture\"},\"image\":{\"@id\":\"https:\\\/\\\/javierbarriocouture.com\\\/#\\\/schema\\\/logo\\\/image\\\/\"},\"sameAs\":[\"https:\\\/\\\/www.facebook.com\\\/JavierBarrioCouture\",\"https:\\\/\\\/x.com\\\/javierbarrioC\",\"https:\\\/\\\/www.instagram.com\\\/javierbarrio_couture\\\/\",\"https:\\\/\\\/es.linkedin.com\\\/in\\\/javier-barrio-rey-1b929443\",\"https:\\\/\\\/www.pinterest.es\\\/javierbarriojb\\\/\",\"https:\\\/\\\/www.youtube.com\\\/channel\\\/UCjMiv0bKvLHADQ5RM5cDGsQ\\\/\"]}]}<\/script>\n<meta property=\"og:availability\" content=\"instock\" \/>\n<meta property=\"product:availability\" content=\"instock\" \/>\n<meta property=\"product:condition\" content=\"new\" \/>\n<!-- \/ Yoast SEO Premium plugin. -->","yoast_head_json":{"title":"Vestido c\u00f3ctel palabra honor salm\u00f3n - Nara - Javier Barrio","description":"Vestido de c\u00f3ctel palabra de honor en color salm\u00f3n con mangas de obispo, y transparencias con flores. Una pieza \u00fanica e ideal para c\u00f3ctel que debes probar.","robots":{"index":"index","follow":"follow","max-snippet":"max-snippet:-1","max-image-preview":"max-image-preview:large","max-video-preview":"max-video-preview:-1"},"canonical":"https:\/\/javierbarriocouture.com\/product\/vestido-coctel-palabra-honor-salmon-con-motivos-florales-nara\/","og_locale":"en_US","og_type":"article","og_title":"Salmon strapless cocktail dress with floral motifs - Nara","og_description":"Vestido de c\u00f3ctel palabra de honor en color salm\u00f3n con mangas de obispo, y transparencias con flores. Una pieza \u00fanica e ideal para c\u00f3ctel que debes probar.","og_url":"https:\/\/javierbarriocouture.com\/product\/vestido-coctel-palabra-honor-salmon-con-motivos-florales-nara\/","og_site_name":"Javier Barrio Couture","article_publisher":"https:\/\/www.facebook.com\/JavierBarrioCouture","article_modified_time":"2023-03-13T23:59:44+00:00","og_image":[{"width":707,"height":1100,"url":"https:\/\/javierbarriocouture.com\/wp-content\/uploads\/2023\/01\/vestido-corto-Nara-1_Javier-Barrio-couture.jpg","type":"image\/jpeg"}],"twitter_card":"summary_large_image","twitter_site":"@javierbarrioC","twitter_misc":{"Availability":"In stock"},"schema":{"@context":"https:\/\/schema.org","@graph":[{"@type":"WebPage","@id":"https:\/\/javierbarriocouture.com\/product\/vestido-coctel-palabra-honor-salmon-con-motivos-florales-nara\/","url":"https:\/\/javierbarriocouture.com\/product\/vestido-coctel-palabra-honor-salmon-con-motivos-florales-nara\/","name":"Vestido c\u00f3ctel palabra honor salm\u00f3n - Nara - Javier Barrio","isPartOf":{"@id":"https:\/\/javierbarriocouture.com\/#website"},"primaryImageOfPage":{"@id":"https:\/\/javierbarriocouture.com\/product\/vestido-coctel-palabra-honor-salmon-con-motivos-florales-nara\/#primaryimage"},"image":{"@id":"https:\/\/javierbarriocouture.com\/product\/vestido-coctel-palabra-honor-salmon-con-motivos-florales-nara\/#primaryimage"},"thumbnailUrl":"https:\/\/javierbarriocouture.com\/wp-content\/uploads\/2023\/01\/vestido-corto-Nara-1_Javier-Barrio-couture.jpg","datePublished":"2023-01-01T21:47:33+00:00","dateModified":"2023-03-13T23:59:44+00:00","description":"Vestido de c\u00f3ctel palabra de honor en color salm\u00f3n con mangas de obispo, y transparencias con flores. Una pieza \u00fanica e ideal para c\u00f3ctel que debes probar.","breadcrumb":{"@id":"https:\/\/javierbarriocouture.com\/product\/vestido-coctel-palabra-honor-salmon-con-motivos-florales-nara\/#breadcrumb"},"inLanguage":"en-US","potentialAction":[{"@type":"ReadAction","target":["https:\/\/javierbarriocouture.com\/product\/vestido-coctel-palabra-honor-salmon-con-motivos-florales-nara\/"]}]},{"@type":"ImageObject","inLanguage":"en-US","@id":"https:\/\/javierbarriocouture.com\/product\/vestido-coctel-palabra-honor-salmon-con-motivos-florales-nara\/#primaryimage","url":"https:\/\/javierbarriocouture.com\/wp-content\/uploads\/2023\/01\/vestido-corto-Nara-1_Javier-Barrio-couture.jpg","contentUrl":"https:\/\/javierbarriocouture.com\/wp-content\/uploads\/2023\/01\/vestido-corto-Nara-1_Javier-Barrio-couture.jpg","width":707,"height":1100,"caption":"Vestido de c\u00f3ctel Nara dorado con corte camisero y escote en pico - Javier Barrio"},{"@type":"BreadcrumbList","@id":"https:\/\/javierbarriocouture.com\/product\/vestido-coctel-palabra-honor-salmon-con-motivos-florales-nara\/#breadcrumb","itemListElement":[{"@type":"ListItem","position":1,"name":"Portada","item":"https:\/\/javierbarriocouture.com\/en\/"},{"@type":"ListItem","position":2,"name":"Shop","item":"https:\/\/javierbarriocouture.com\/en\/shop\/"},{"@type":"ListItem","position":3,"name":"Salmon strapless cocktail dress with floral motifs &#8211; Nara"}]},{"@type":"WebSite","@id":"https:\/\/javierbarriocouture.com\/#website","url":"https:\/\/javierbarriocouture.com\/","name":"Javier Barrio Couture","description":"Javier Barrio Couture","publisher":{"@id":"https:\/\/javierbarriocouture.com\/#organization"},"potentialAction":[{"@type":"SearchAction","target":{"@type":"EntryPoint","urlTemplate":"https:\/\/javierbarriocouture.com\/?s={search_term_string}"},"query-input":{"@type":"PropertyValueSpecification","valueRequired":true,"valueName":"search_term_string"}}],"inLanguage":"en-US"},{"@type":"Organization","@id":"https:\/\/javierbarriocouture.com\/#organization","name":"Javier Barrio Couture","url":"https:\/\/javierbarriocouture.com\/","logo":{"@type":"ImageObject","inLanguage":"en-US","@id":"https:\/\/javierbarriocouture.com\/#\/schema\/logo\/image\/","url":"https:\/\/javierbarriocouture.com\/wp-content\/uploads\/2018\/12\/logo3.png","contentUrl":"https:\/\/javierbarriocouture.com\/wp-content\/uploads\/2018\/12\/logo3.png","width":268,"height":68,"caption":"Javier Barrio Couture"},"image":{"@id":"https:\/\/javierbarriocouture.com\/#\/schema\/logo\/image\/"},"sameAs":["https:\/\/www.facebook.com\/JavierBarrioCouture","https:\/\/x.com\/javierbarrioC","https:\/\/www.instagram.com\/javierbarrio_couture\/","https:\/\/es.linkedin.com\/in\/javier-barrio-rey-1b929443","https:\/\/www.pinterest.es\/javierbarriojb\/","https:\/\/www.youtube.com\/channel\/UCjMiv0bKvLHADQ5RM5cDGsQ\/"]}]},"og_availability":"instock","product_availability":"instock","product_condition":"new"},"_links":{"self":[{"href":"https:\/\/javierbarriocouture.com\/en\/wp-json\/wp\/v2\/product\/17655","targetHints":{"allow":["GET"]}}],"collection":[{"href":"https:\/\/javierbarriocouture.com\/en\/wp-json\/wp\/v2\/product"}],"about":[{"href":"https:\/\/javierbarriocouture.com\/en\/wp-json\/wp\/v2\/types\/product"}],"replies":[{"embeddable":true,"href":"https:\/\/javierbarriocouture.com\/en\/wp-json\/wp\/v2\/comments?post=17655"}],"version-history":[{"count":1,"href":"https:\/\/javierbarriocouture.com\/en\/wp-json\/wp\/v2\/product\/17655\/revisions"}],"predecessor-version":[{"id":17656,"href":"https:\/\/javierbarriocouture.com\/en\/wp-json\/wp\/v2\/product\/17655\/revisions\/17656"}],"wp:featuredmedia":[{"embeddable":true,"href":"https:\/\/javierbarriocouture.com\/en\/wp-json\/wp\/v2\/media\/17213"}],"wp:attachment":[{"href":"https:\/\/javierbarriocouture.com\/en\/wp-json\/wp\/v2\/media?parent=17655"}],"wp:term":[{"taxonomy":"store","embeddable":true,"href":"https:\/\/javierbarriocouture.com\/en\/wp-json\/wp\/v2\/store?post=17655"},{"taxonomy":"product_brand","embeddable":true,"href":"https:\/\/javierbarriocouture.com\/en\/wp-json\/wp\/v2\/product_brand?post=17655"},{"taxonomy":"product_cat","embeddable":true,"href":"https:\/\/javierbarriocouture.com\/en\/wp-json\/wp\/v2\/product_cat?post=17655"},{"taxonomy":"product_tag","embeddable":true,"href":"https:\/\/javierbarriocouture.com\/en\/wp-json\/wp\/v2\/product_tag?post=17655"}],"curies":[{"name":"wp","href":"https:\/\/api.w.org\/{rel}","templated":true}]}}