{"id":17658,"date":"2023-01-01T22:13:46","date_gmt":"2023-01-01T21:13:46","guid":{"rendered":"https:\/\/javierbarriocouture.com\/producto\/vestido-corto-dorado-corte-camisero-y-escote-pico-yanaka\/"},"modified":"2023-03-14T01:05:11","modified_gmt":"2023-03-14T00:05:11","slug":"short-golden-shirt-cut-dress-with-v-neckline-yanaka","status":"publish","type":"product","link":"https:\/\/javierbarriocouture.com\/en\/product\/short-golden-shirt-cut-dress-with-v-neckline-yanaka\/","title":{"rendered":"Short golden shirt cut dress with V neckline \u2013 Yanaka"},"content":{"rendered":"<p style=\"text-align: left;\"><strong>Descripci\u00f3n:<\/strong> Vestido corto dorado con corte camisero y escote en pico con detalles negros en el cuello y los botones.<\/p>\n<p>&nbsp;<\/p>\n<p style=\"text-align: left;\"><strong>Detalle t\u00e9cnico: <\/strong>Tejido de raso otoman de dral\u00f3n poli\u00e9ster con liso dral\u00f3n poli\u00e9ster con elastano incluyendo el forro del mismo vestido y a tono al color del mismo. Cremallera invisible de calidad a tono del mismo. Costuras reforzadas y francesas.<\/p>\n<p>&nbsp;<\/p>\n<p class=\"p1\" style=\"text-align: left;\"><strong>Composici\u00f3n:<\/strong> 97% POLIESTER 3% ELASTANO.<\/p>\n<p>&nbsp;<\/p>\n<p style=\"text-align: left;\">Si a\u00fan as\u00ed quieres ver otras opciones de vestidos cortos, sigue el siguiente enlace &gt;&gt; <a href=\"https:\/\/javierbarriocouture.com\/en\/product-category\/short-dresses\/\">otras opciones<\/a>.<\/p>\n<p>&nbsp;<\/p>\n<p>&nbsp;<\/p>\n","protected":false},"excerpt":{"rendered":"<p style=\"text-align: left;\"><strong>Yanaka<\/strong> es el equilibrio perfecto entre belleza y elegancia. El tejido satinado dorado aporta un toque lujoso a este vestido corto.<\/p>\n<p style=\"text-align: left;\">Cuenta con corte por encima de la rodilla y escote en pico con detalles negros en el cuello y los botones.<\/p>\n<p style=\"text-align: left;\">Su forma recta le confiere un aspecto sofisticado, mientras que sus mangas al aire le dan un toque elegante sin igual.<\/p>\n<p style=\"text-align: left;\">\u00bfVerdad que es ideal?<\/p>\n","protected":false},"featured_media":17183,"comment_status":"closed","ping_status":"closed","template":"","meta":{"_acf_changed":false},"store":[],"product_brand":[],"product_cat":[207],"product_tag":[],"class_list":{"0":"post-17658","1":"product","2":"type-product","3":"status-publish","4":"has-post-thumbnail","6":"product_cat-short-dresses","8":"first","9":"instock","10":"taxable","11":"shipping-taxable","12":"purchasable","13":"product-type-variable"},"acf":[],"yoast_head":"<!-- This site is optimized with the Yoast SEO Premium plugin v25.1 (Yoast SEO v27.4) - https:\/\/yoast.com\/product\/yoast-seo-premium-wordpress\/ -->\n<title>Vestido corto dorado corte camisero - Yanaka - Javier Barrio<\/title>\n<meta name=\"description\" content=\"Un vestido corto dorado con corte camisero y dise\u00f1o sin mangas, que le dan sofisticaci\u00f3n a tu estilo, para sentirte sexy, femenina y empoderada.\" \/>\n<meta name=\"robots\" content=\"index, follow, max-snippet:-1, max-image-preview:large, max-video-preview:-1\" \/>\n<link rel=\"canonical\" href=\"https:\/\/javierbarriocouture.com\/product\/vestido-corto-dorado-corte-camisero-y-escote-pico-yanaka\/\" \/>\n<meta property=\"og:locale\" content=\"en_US\" \/>\n<meta property=\"og:type\" content=\"article\" \/>\n<meta property=\"og:title\" content=\"Short golden shirt cut dress with V neckline \u2013 Yanaka\" \/>\n<meta property=\"og:description\" content=\"Un vestido corto dorado con corte camisero y dise\u00f1o sin mangas, que le dan sofisticaci\u00f3n a tu estilo, para sentirte sexy, femenina y empoderada.\" \/>\n<meta property=\"og:url\" content=\"https:\/\/javierbarriocouture.com\/product\/vestido-corto-dorado-corte-camisero-y-escote-pico-yanaka\/\" \/>\n<meta property=\"og:site_name\" content=\"Javier Barrio Couture\" \/>\n<meta property=\"article:publisher\" content=\"https:\/\/www.facebook.com\/JavierBarrioCouture\" \/>\n<meta property=\"article:modified_time\" content=\"2023-03-14T00:05:11+00:00\" \/>\n<meta property=\"og:image\" content=\"https:\/\/javierbarriocouture.com\/wp-content\/uploads\/2023\/01\/vestido-corto-Yanaka-1_Javier-Barrio-couture.jpg\" \/>\n\t<meta property=\"og:image:width\" content=\"707\" \/>\n\t<meta property=\"og:image:height\" content=\"1100\" \/>\n\t<meta property=\"og:image:type\" content=\"image\/jpeg\" \/>\n<meta name=\"twitter:card\" content=\"summary_large_image\" \/>\n<meta name=\"twitter:site\" content=\"@javierbarrioC\" \/>\n<meta name=\"twitter:label1\" content=\"Availability\" \/>\n\t<meta name=\"twitter:data1\" content=\"In stock\" \/>\n<script type=\"application\/ld+json\" class=\"yoast-schema-graph\">{\"@context\":\"https:\\\/\\\/schema.org\",\"@graph\":[{\"@type\":\"WebPage\",\"@id\":\"https:\\\/\\\/javierbarriocouture.com\\\/product\\\/vestido-corto-dorado-corte-camisero-y-escote-pico-yanaka\\\/\",\"url\":\"https:\\\/\\\/javierbarriocouture.com\\\/product\\\/vestido-corto-dorado-corte-camisero-y-escote-pico-yanaka\\\/\",\"name\":\"Vestido corto dorado corte camisero - Yanaka - Javier Barrio\",\"isPartOf\":{\"@id\":\"https:\\\/\\\/javierbarriocouture.com\\\/#website\"},\"primaryImageOfPage\":{\"@id\":\"https:\\\/\\\/javierbarriocouture.com\\\/product\\\/vestido-corto-dorado-corte-camisero-y-escote-pico-yanaka\\\/#primaryimage\"},\"image\":{\"@id\":\"https:\\\/\\\/javierbarriocouture.com\\\/product\\\/vestido-corto-dorado-corte-camisero-y-escote-pico-yanaka\\\/#primaryimage\"},\"thumbnailUrl\":\"https:\\\/\\\/javierbarriocouture.com\\\/wp-content\\\/uploads\\\/2023\\\/01\\\/vestido-corto-Yanaka-1_Javier-Barrio-couture.jpg\",\"datePublished\":\"2023-01-01T21:13:46+00:00\",\"dateModified\":\"2023-03-14T00:05:11+00:00\",\"description\":\"Un vestido corto dorado con corte camisero y dise\u00f1o sin mangas, que le dan sofisticaci\u00f3n a tu estilo, para sentirte sexy, femenina y empoderada.\",\"breadcrumb\":{\"@id\":\"https:\\\/\\\/javierbarriocouture.com\\\/product\\\/vestido-corto-dorado-corte-camisero-y-escote-pico-yanaka\\\/#breadcrumb\"},\"inLanguage\":\"en-US\",\"potentialAction\":[{\"@type\":\"ReadAction\",\"target\":[\"https:\\\/\\\/javierbarriocouture.com\\\/product\\\/vestido-corto-dorado-corte-camisero-y-escote-pico-yanaka\\\/\"]}]},{\"@type\":\"ImageObject\",\"inLanguage\":\"en-US\",\"@id\":\"https:\\\/\\\/javierbarriocouture.com\\\/product\\\/vestido-corto-dorado-corte-camisero-y-escote-pico-yanaka\\\/#primaryimage\",\"url\":\"https:\\\/\\\/javierbarriocouture.com\\\/wp-content\\\/uploads\\\/2023\\\/01\\\/vestido-corto-Yanaka-1_Javier-Barrio-couture.jpg\",\"contentUrl\":\"https:\\\/\\\/javierbarriocouture.com\\\/wp-content\\\/uploads\\\/2023\\\/01\\\/vestido-corto-Yanaka-1_Javier-Barrio-couture.jpg\",\"width\":707,\"height\":1100,\"caption\":\"Vestido corto Yanaka rojo con p\u00e9talos bordados y escote pico- Javier Barrio\"},{\"@type\":\"BreadcrumbList\",\"@id\":\"https:\\\/\\\/javierbarriocouture.com\\\/product\\\/vestido-corto-dorado-corte-camisero-y-escote-pico-yanaka\\\/#breadcrumb\",\"itemListElement\":[{\"@type\":\"ListItem\",\"position\":1,\"name\":\"Portada\",\"item\":\"https:\\\/\\\/javierbarriocouture.com\\\/en\\\/\"},{\"@type\":\"ListItem\",\"position\":2,\"name\":\"Shop\",\"item\":\"https:\\\/\\\/javierbarriocouture.com\\\/en\\\/shop\\\/\"},{\"@type\":\"ListItem\",\"position\":3,\"name\":\"Short golden shirt cut dress with V neckline \u2013 Yanaka\"}]},{\"@type\":\"WebSite\",\"@id\":\"https:\\\/\\\/javierbarriocouture.com\\\/#website\",\"url\":\"https:\\\/\\\/javierbarriocouture.com\\\/\",\"name\":\"Javier Barrio Couture\",\"description\":\"Javier Barrio Couture\",\"publisher\":{\"@id\":\"https:\\\/\\\/javierbarriocouture.com\\\/#organization\"},\"potentialAction\":[{\"@type\":\"SearchAction\",\"target\":{\"@type\":\"EntryPoint\",\"urlTemplate\":\"https:\\\/\\\/javierbarriocouture.com\\\/?s={search_term_string}\"},\"query-input\":{\"@type\":\"PropertyValueSpecification\",\"valueRequired\":true,\"valueName\":\"search_term_string\"}}],\"inLanguage\":\"en-US\"},{\"@type\":\"Organization\",\"@id\":\"https:\\\/\\\/javierbarriocouture.com\\\/#organization\",\"name\":\"Javier Barrio Couture\",\"url\":\"https:\\\/\\\/javierbarriocouture.com\\\/\",\"logo\":{\"@type\":\"ImageObject\",\"inLanguage\":\"en-US\",\"@id\":\"https:\\\/\\\/javierbarriocouture.com\\\/#\\\/schema\\\/logo\\\/image\\\/\",\"url\":\"https:\\\/\\\/javierbarriocouture.com\\\/wp-content\\\/uploads\\\/2018\\\/12\\\/logo3.png\",\"contentUrl\":\"https:\\\/\\\/javierbarriocouture.com\\\/wp-content\\\/uploads\\\/2018\\\/12\\\/logo3.png\",\"width\":268,\"height\":68,\"caption\":\"Javier Barrio Couture\"},\"image\":{\"@id\":\"https:\\\/\\\/javierbarriocouture.com\\\/#\\\/schema\\\/logo\\\/image\\\/\"},\"sameAs\":[\"https:\\\/\\\/www.facebook.com\\\/JavierBarrioCouture\",\"https:\\\/\\\/x.com\\\/javierbarrioC\",\"https:\\\/\\\/www.instagram.com\\\/javierbarrio_couture\\\/\",\"https:\\\/\\\/es.linkedin.com\\\/in\\\/javier-barrio-rey-1b929443\",\"https:\\\/\\\/www.pinterest.es\\\/javierbarriojb\\\/\",\"https:\\\/\\\/www.youtube.com\\\/channel\\\/UCjMiv0bKvLHADQ5RM5cDGsQ\\\/\"]}]}<\/script>\n<meta property=\"og:availability\" content=\"instock\" \/>\n<meta property=\"product:availability\" content=\"instock\" \/>\n<meta property=\"product:condition\" content=\"new\" \/>\n<!-- \/ Yoast SEO Premium plugin. -->","yoast_head_json":{"title":"Vestido corto dorado corte camisero - Yanaka - Javier Barrio","description":"Un vestido corto dorado con corte camisero y dise\u00f1o sin mangas, que le dan sofisticaci\u00f3n a tu estilo, para sentirte sexy, femenina y empoderada.","robots":{"index":"index","follow":"follow","max-snippet":"max-snippet:-1","max-image-preview":"max-image-preview:large","max-video-preview":"max-video-preview:-1"},"canonical":"https:\/\/javierbarriocouture.com\/product\/vestido-corto-dorado-corte-camisero-y-escote-pico-yanaka\/","og_locale":"en_US","og_type":"article","og_title":"Short golden shirt cut dress with V neckline \u2013 Yanaka","og_description":"Un vestido corto dorado con corte camisero y dise\u00f1o sin mangas, que le dan sofisticaci\u00f3n a tu estilo, para sentirte sexy, femenina y empoderada.","og_url":"https:\/\/javierbarriocouture.com\/product\/vestido-corto-dorado-corte-camisero-y-escote-pico-yanaka\/","og_site_name":"Javier Barrio Couture","article_publisher":"https:\/\/www.facebook.com\/JavierBarrioCouture","article_modified_time":"2023-03-14T00:05:11+00:00","og_image":[{"width":707,"height":1100,"url":"https:\/\/javierbarriocouture.com\/wp-content\/uploads\/2023\/01\/vestido-corto-Yanaka-1_Javier-Barrio-couture.jpg","type":"image\/jpeg"}],"twitter_card":"summary_large_image","twitter_site":"@javierbarrioC","twitter_misc":{"Availability":"In stock"},"schema":{"@context":"https:\/\/schema.org","@graph":[{"@type":"WebPage","@id":"https:\/\/javierbarriocouture.com\/product\/vestido-corto-dorado-corte-camisero-y-escote-pico-yanaka\/","url":"https:\/\/javierbarriocouture.com\/product\/vestido-corto-dorado-corte-camisero-y-escote-pico-yanaka\/","name":"Vestido corto dorado corte camisero - Yanaka - Javier Barrio","isPartOf":{"@id":"https:\/\/javierbarriocouture.com\/#website"},"primaryImageOfPage":{"@id":"https:\/\/javierbarriocouture.com\/product\/vestido-corto-dorado-corte-camisero-y-escote-pico-yanaka\/#primaryimage"},"image":{"@id":"https:\/\/javierbarriocouture.com\/product\/vestido-corto-dorado-corte-camisero-y-escote-pico-yanaka\/#primaryimage"},"thumbnailUrl":"https:\/\/javierbarriocouture.com\/wp-content\/uploads\/2023\/01\/vestido-corto-Yanaka-1_Javier-Barrio-couture.jpg","datePublished":"2023-01-01T21:13:46+00:00","dateModified":"2023-03-14T00:05:11+00:00","description":"Un vestido corto dorado con corte camisero y dise\u00f1o sin mangas, que le dan sofisticaci\u00f3n a tu estilo, para sentirte sexy, femenina y empoderada.","breadcrumb":{"@id":"https:\/\/javierbarriocouture.com\/product\/vestido-corto-dorado-corte-camisero-y-escote-pico-yanaka\/#breadcrumb"},"inLanguage":"en-US","potentialAction":[{"@type":"ReadAction","target":["https:\/\/javierbarriocouture.com\/product\/vestido-corto-dorado-corte-camisero-y-escote-pico-yanaka\/"]}]},{"@type":"ImageObject","inLanguage":"en-US","@id":"https:\/\/javierbarriocouture.com\/product\/vestido-corto-dorado-corte-camisero-y-escote-pico-yanaka\/#primaryimage","url":"https:\/\/javierbarriocouture.com\/wp-content\/uploads\/2023\/01\/vestido-corto-Yanaka-1_Javier-Barrio-couture.jpg","contentUrl":"https:\/\/javierbarriocouture.com\/wp-content\/uploads\/2023\/01\/vestido-corto-Yanaka-1_Javier-Barrio-couture.jpg","width":707,"height":1100,"caption":"Vestido corto Yanaka rojo con p\u00e9talos bordados y escote pico- Javier Barrio"},{"@type":"BreadcrumbList","@id":"https:\/\/javierbarriocouture.com\/product\/vestido-corto-dorado-corte-camisero-y-escote-pico-yanaka\/#breadcrumb","itemListElement":[{"@type":"ListItem","position":1,"name":"Portada","item":"https:\/\/javierbarriocouture.com\/en\/"},{"@type":"ListItem","position":2,"name":"Shop","item":"https:\/\/javierbarriocouture.com\/en\/shop\/"},{"@type":"ListItem","position":3,"name":"Short golden shirt cut dress with V neckline \u2013 Yanaka"}]},{"@type":"WebSite","@id":"https:\/\/javierbarriocouture.com\/#website","url":"https:\/\/javierbarriocouture.com\/","name":"Javier Barrio Couture","description":"Javier Barrio Couture","publisher":{"@id":"https:\/\/javierbarriocouture.com\/#organization"},"potentialAction":[{"@type":"SearchAction","target":{"@type":"EntryPoint","urlTemplate":"https:\/\/javierbarriocouture.com\/?s={search_term_string}"},"query-input":{"@type":"PropertyValueSpecification","valueRequired":true,"valueName":"search_term_string"}}],"inLanguage":"en-US"},{"@type":"Organization","@id":"https:\/\/javierbarriocouture.com\/#organization","name":"Javier Barrio Couture","url":"https:\/\/javierbarriocouture.com\/","logo":{"@type":"ImageObject","inLanguage":"en-US","@id":"https:\/\/javierbarriocouture.com\/#\/schema\/logo\/image\/","url":"https:\/\/javierbarriocouture.com\/wp-content\/uploads\/2018\/12\/logo3.png","contentUrl":"https:\/\/javierbarriocouture.com\/wp-content\/uploads\/2018\/12\/logo3.png","width":268,"height":68,"caption":"Javier Barrio Couture"},"image":{"@id":"https:\/\/javierbarriocouture.com\/#\/schema\/logo\/image\/"},"sameAs":["https:\/\/www.facebook.com\/JavierBarrioCouture","https:\/\/x.com\/javierbarrioC","https:\/\/www.instagram.com\/javierbarrio_couture\/","https:\/\/es.linkedin.com\/in\/javier-barrio-rey-1b929443","https:\/\/www.pinterest.es\/javierbarriojb\/","https:\/\/www.youtube.com\/channel\/UCjMiv0bKvLHADQ5RM5cDGsQ\/"]}]},"og_availability":"instock","product_availability":"instock","product_condition":"new"},"_links":{"self":[{"href":"https:\/\/javierbarriocouture.com\/en\/wp-json\/wp\/v2\/product\/17658","targetHints":{"allow":["GET"]}}],"collection":[{"href":"https:\/\/javierbarriocouture.com\/en\/wp-json\/wp\/v2\/product"}],"about":[{"href":"https:\/\/javierbarriocouture.com\/en\/wp-json\/wp\/v2\/types\/product"}],"replies":[{"embeddable":true,"href":"https:\/\/javierbarriocouture.com\/en\/wp-json\/wp\/v2\/comments?post=17658"}],"version-history":[{"count":1,"href":"https:\/\/javierbarriocouture.com\/en\/wp-json\/wp\/v2\/product\/17658\/revisions"}],"predecessor-version":[{"id":17659,"href":"https:\/\/javierbarriocouture.com\/en\/wp-json\/wp\/v2\/product\/17658\/revisions\/17659"}],"wp:featuredmedia":[{"embeddable":true,"href":"https:\/\/javierbarriocouture.com\/en\/wp-json\/wp\/v2\/media\/17183"}],"wp:attachment":[{"href":"https:\/\/javierbarriocouture.com\/en\/wp-json\/wp\/v2\/media?parent=17658"}],"wp:term":[{"taxonomy":"store","embeddable":true,"href":"https:\/\/javierbarriocouture.com\/en\/wp-json\/wp\/v2\/store?post=17658"},{"taxonomy":"product_brand","embeddable":true,"href":"https:\/\/javierbarriocouture.com\/en\/wp-json\/wp\/v2\/product_brand?post=17658"},{"taxonomy":"product_cat","embeddable":true,"href":"https:\/\/javierbarriocouture.com\/en\/wp-json\/wp\/v2\/product_cat?post=17658"},{"taxonomy":"product_tag","embeddable":true,"href":"https:\/\/javierbarriocouture.com\/en\/wp-json\/wp\/v2\/product_tag?post=17658"}],"curies":[{"name":"wp","href":"https:\/\/api.w.org\/{rel}","templated":true}]}}