{"id":17664,"date":"2022-12-31T01:14:37","date_gmt":"2022-12-31T00:14:37","guid":{"rendered":"https:\/\/javierbarriocouture.com\/producto\/vestido-con-mangas-murcielago-en-blanco-y-en-raso-kore\/"},"modified":"2023-03-14T01:19:40","modified_gmt":"2023-03-14T00:19:40","slug":"dress-with-batwing-sleeves-in-white-and-satin-kore","status":"publish","type":"product","link":"https:\/\/javierbarriocouture.com\/en\/product\/dress-with-batwing-sleeves-in-white-and-satin-kore\/","title":{"rendered":"Dress with batwing sleeves in white and satin &#8211; Kor\u00e9"},"content":{"rendered":"<p style=\"text-align: left;\"><strong>Descripci\u00f3n:<\/strong> Vestido blanco en raso y con mangas murci\u00e9lago, escote alto y transparencias.<\/p>\n<p>&nbsp;<\/p>\n<p style=\"text-align: left;\"><strong>Detalle t\u00e9cnico: <\/strong>Tejido de raso dral\u00f3n poli\u00e9ster con elastano con tejido de blonda de dral\u00f3n poli\u00e9ster incluyendo el forro del mismo vestido y a tono al color del mismo. Cremallera invisible de calidad a tono del mismo. Costuras reforzadas y francesas.<\/p>\n<p>&nbsp;<\/p>\n<p class=\"p1\" style=\"text-align: left;\"><strong>Composici\u00f3n:<\/strong> 97% POLIESTER 3% ELASTANO.<\/p>\n<p>&nbsp;<\/p>\n<p style=\"text-align: left;\">Si a\u00fan as\u00ed quieres ver otras opciones de vestidos cortos, sigue el siguiente enlace &gt;&gt; <a href=\"https:\/\/javierbarriocouture.com\/en\/product-category\/short-dresses\/\">otras opciones<\/a>.<\/p>\n<p>&nbsp;<\/p>\n<p>&nbsp;<\/p>\n","protected":false},"excerpt":{"rendered":"<p>Con sus mangas de corte murci\u00e9lago, este vestido es muy favorecedor. Su suave aspecto de gasa lo distingue de nuestros otros vestidos.<\/p>\n<p>&nbsp;<\/p>\n<p>Est\u00e1 confeccionado a mano en tejido de raso y viene con elegantes transparencias en blonda en las mangas, que le aportan estilo y exclusividad.<\/p>\n<p>&nbsp;<\/p>\n<p>Para la mujer que aprecia la ropa y la moda de alta calidad, el uso que hace Kor\u00e9 de los tejidos hechos a mano y las siluetas sofisticadas le confieren un aspecto refinado con un toque de vanguardia.<\/p>\n","protected":false},"featured_media":17109,"comment_status":"closed","ping_status":"closed","template":"","meta":{"_acf_changed":false},"store":[],"product_brand":[],"product_cat":[207],"product_tag":[],"class_list":{"0":"post-17664","1":"product","2":"type-product","3":"status-publish","4":"has-post-thumbnail","6":"product_cat-short-dresses","8":"first","9":"instock","10":"taxable","11":"shipping-taxable","12":"purchasable","13":"product-type-variable","14":"has-default-attributes"},"acf":[],"yoast_head":"<!-- This site is optimized with the Yoast SEO Premium plugin v25.1 (Yoast SEO v27.4) - https:\/\/yoast.com\/product\/yoast-seo-premium-wordpress\/ -->\n<title>vestido con mangas murci\u00e9lago blanco - Kor\u00e9 - Javier Barrio<\/title>\n<meta name=\"description\" content=\"Un b\u00e1sico de las veladas blancas. Vestido blanco en raso y con mangas murci\u00e9lago, escote alto y transparencias para un toque extra de glamour.\" \/>\n<meta name=\"robots\" content=\"index, follow, max-snippet:-1, max-image-preview:large, max-video-preview:-1\" \/>\n<link rel=\"canonical\" href=\"https:\/\/javierbarriocouture.com\/product\/vestido-con-mangas-murcielago-en-blanco-y-en-raso-kore\/\" \/>\n<meta property=\"og:locale\" content=\"en_US\" \/>\n<meta property=\"og:type\" content=\"article\" \/>\n<meta property=\"og:title\" content=\"Dress with batwing sleeves in white and satin - Kor\u00e9\" \/>\n<meta property=\"og:description\" content=\"Un b\u00e1sico de las veladas blancas. Vestido blanco en raso y con mangas murci\u00e9lago, escote alto y transparencias para un toque extra de glamour.\" \/>\n<meta property=\"og:url\" content=\"https:\/\/javierbarriocouture.com\/product\/vestido-con-mangas-murcielago-en-blanco-y-en-raso-kore\/\" \/>\n<meta property=\"og:site_name\" content=\"Javier Barrio Couture\" \/>\n<meta property=\"article:publisher\" content=\"https:\/\/www.facebook.com\/JavierBarrioCouture\" \/>\n<meta property=\"article:modified_time\" content=\"2023-03-14T00:19:40+00:00\" \/>\n<meta property=\"og:image\" content=\"https:\/\/javierbarriocouture.com\/wp-content\/uploads\/2022\/12\/vestido-corto-Kore-1_Javier-Barrio-couture.jpg\" \/>\n\t<meta property=\"og:image:width\" content=\"707\" \/>\n\t<meta property=\"og:image:height\" content=\"1100\" \/>\n\t<meta property=\"og:image:type\" content=\"image\/jpeg\" \/>\n<meta name=\"twitter:card\" content=\"summary_large_image\" \/>\n<meta name=\"twitter:site\" content=\"@javierbarrioC\" \/>\n<meta name=\"twitter:label1\" content=\"Availability\" \/>\n\t<meta name=\"twitter:data1\" content=\"In stock\" \/>\n<script type=\"application\/ld+json\" class=\"yoast-schema-graph\">{\"@context\":\"https:\\\/\\\/schema.org\",\"@graph\":[{\"@type\":\"WebPage\",\"@id\":\"https:\\\/\\\/javierbarriocouture.com\\\/product\\\/vestido-con-mangas-murcielago-en-blanco-y-en-raso-kore\\\/\",\"url\":\"https:\\\/\\\/javierbarriocouture.com\\\/product\\\/vestido-con-mangas-murcielago-en-blanco-y-en-raso-kore\\\/\",\"name\":\"vestido con mangas murci\u00e9lago blanco - Kor\u00e9 - Javier Barrio\",\"isPartOf\":{\"@id\":\"https:\\\/\\\/javierbarriocouture.com\\\/#website\"},\"primaryImageOfPage\":{\"@id\":\"https:\\\/\\\/javierbarriocouture.com\\\/product\\\/vestido-con-mangas-murcielago-en-blanco-y-en-raso-kore\\\/#primaryimage\"},\"image\":{\"@id\":\"https:\\\/\\\/javierbarriocouture.com\\\/product\\\/vestido-con-mangas-murcielago-en-blanco-y-en-raso-kore\\\/#primaryimage\"},\"thumbnailUrl\":\"https:\\\/\\\/javierbarriocouture.com\\\/wp-content\\\/uploads\\\/2022\\\/12\\\/vestido-corto-Kore-1_Javier-Barrio-couture.jpg\",\"datePublished\":\"2022-12-31T00:14:37+00:00\",\"dateModified\":\"2023-03-14T00:19:40+00:00\",\"description\":\"Un b\u00e1sico de las veladas blancas. Vestido blanco en raso y con mangas murci\u00e9lago, escote alto y transparencias para un toque extra de glamour.\",\"breadcrumb\":{\"@id\":\"https:\\\/\\\/javierbarriocouture.com\\\/product\\\/vestido-con-mangas-murcielago-en-blanco-y-en-raso-kore\\\/#breadcrumb\"},\"inLanguage\":\"en-US\",\"potentialAction\":[{\"@type\":\"ReadAction\",\"target\":[\"https:\\\/\\\/javierbarriocouture.com\\\/product\\\/vestido-con-mangas-murcielago-en-blanco-y-en-raso-kore\\\/\"]}]},{\"@type\":\"ImageObject\",\"inLanguage\":\"en-US\",\"@id\":\"https:\\\/\\\/javierbarriocouture.com\\\/product\\\/vestido-con-mangas-murcielago-en-blanco-y-en-raso-kore\\\/#primaryimage\",\"url\":\"https:\\\/\\\/javierbarriocouture.com\\\/wp-content\\\/uploads\\\/2022\\\/12\\\/vestido-corto-Kore-1_Javier-Barrio-couture.jpg\",\"contentUrl\":\"https:\\\/\\\/javierbarriocouture.com\\\/wp-content\\\/uploads\\\/2022\\\/12\\\/vestido-corto-Kore-1_Javier-Barrio-couture.jpg\",\"width\":707,\"height\":1100,\"caption\":\"vestido corto Kore negro con lentejuelas, corte sirena y cuello halter - Javier Barrio\"},{\"@type\":\"BreadcrumbList\",\"@id\":\"https:\\\/\\\/javierbarriocouture.com\\\/product\\\/vestido-con-mangas-murcielago-en-blanco-y-en-raso-kore\\\/#breadcrumb\",\"itemListElement\":[{\"@type\":\"ListItem\",\"position\":1,\"name\":\"Portada\",\"item\":\"https:\\\/\\\/javierbarriocouture.com\\\/en\\\/\"},{\"@type\":\"ListItem\",\"position\":2,\"name\":\"Shop\",\"item\":\"https:\\\/\\\/javierbarriocouture.com\\\/en\\\/shop\\\/\"},{\"@type\":\"ListItem\",\"position\":3,\"name\":\"Dress with batwing sleeves in white and satin &#8211; Kor\u00e9\"}]},{\"@type\":\"WebSite\",\"@id\":\"https:\\\/\\\/javierbarriocouture.com\\\/#website\",\"url\":\"https:\\\/\\\/javierbarriocouture.com\\\/\",\"name\":\"Javier Barrio Couture\",\"description\":\"Javier Barrio Couture\",\"publisher\":{\"@id\":\"https:\\\/\\\/javierbarriocouture.com\\\/#organization\"},\"potentialAction\":[{\"@type\":\"SearchAction\",\"target\":{\"@type\":\"EntryPoint\",\"urlTemplate\":\"https:\\\/\\\/javierbarriocouture.com\\\/?s={search_term_string}\"},\"query-input\":{\"@type\":\"PropertyValueSpecification\",\"valueRequired\":true,\"valueName\":\"search_term_string\"}}],\"inLanguage\":\"en-US\"},{\"@type\":\"Organization\",\"@id\":\"https:\\\/\\\/javierbarriocouture.com\\\/#organization\",\"name\":\"Javier Barrio Couture\",\"url\":\"https:\\\/\\\/javierbarriocouture.com\\\/\",\"logo\":{\"@type\":\"ImageObject\",\"inLanguage\":\"en-US\",\"@id\":\"https:\\\/\\\/javierbarriocouture.com\\\/#\\\/schema\\\/logo\\\/image\\\/\",\"url\":\"https:\\\/\\\/javierbarriocouture.com\\\/wp-content\\\/uploads\\\/2018\\\/12\\\/logo3.png\",\"contentUrl\":\"https:\\\/\\\/javierbarriocouture.com\\\/wp-content\\\/uploads\\\/2018\\\/12\\\/logo3.png\",\"width\":268,\"height\":68,\"caption\":\"Javier Barrio Couture\"},\"image\":{\"@id\":\"https:\\\/\\\/javierbarriocouture.com\\\/#\\\/schema\\\/logo\\\/image\\\/\"},\"sameAs\":[\"https:\\\/\\\/www.facebook.com\\\/JavierBarrioCouture\",\"https:\\\/\\\/x.com\\\/javierbarrioC\",\"https:\\\/\\\/www.instagram.com\\\/javierbarrio_couture\\\/\",\"https:\\\/\\\/es.linkedin.com\\\/in\\\/javier-barrio-rey-1b929443\",\"https:\\\/\\\/www.pinterest.es\\\/javierbarriojb\\\/\",\"https:\\\/\\\/www.youtube.com\\\/channel\\\/UCjMiv0bKvLHADQ5RM5cDGsQ\\\/\"]}]}<\/script>\n<meta property=\"og:availability\" content=\"instock\" \/>\n<meta property=\"product:availability\" content=\"instock\" \/>\n<meta property=\"product:condition\" content=\"new\" \/>\n<!-- \/ Yoast SEO Premium plugin. -->","yoast_head_json":{"title":"vestido con mangas murci\u00e9lago blanco - Kor\u00e9 - Javier Barrio","description":"Un b\u00e1sico de las veladas blancas. Vestido blanco en raso y con mangas murci\u00e9lago, escote alto y transparencias para un toque extra de glamour.","robots":{"index":"index","follow":"follow","max-snippet":"max-snippet:-1","max-image-preview":"max-image-preview:large","max-video-preview":"max-video-preview:-1"},"canonical":"https:\/\/javierbarriocouture.com\/product\/vestido-con-mangas-murcielago-en-blanco-y-en-raso-kore\/","og_locale":"en_US","og_type":"article","og_title":"Dress with batwing sleeves in white and satin - Kor\u00e9","og_description":"Un b\u00e1sico de las veladas blancas. Vestido blanco en raso y con mangas murci\u00e9lago, escote alto y transparencias para un toque extra de glamour.","og_url":"https:\/\/javierbarriocouture.com\/product\/vestido-con-mangas-murcielago-en-blanco-y-en-raso-kore\/","og_site_name":"Javier Barrio Couture","article_publisher":"https:\/\/www.facebook.com\/JavierBarrioCouture","article_modified_time":"2023-03-14T00:19:40+00:00","og_image":[{"width":707,"height":1100,"url":"https:\/\/javierbarriocouture.com\/wp-content\/uploads\/2022\/12\/vestido-corto-Kore-1_Javier-Barrio-couture.jpg","type":"image\/jpeg"}],"twitter_card":"summary_large_image","twitter_site":"@javierbarrioC","twitter_misc":{"Availability":"In stock"},"schema":{"@context":"https:\/\/schema.org","@graph":[{"@type":"WebPage","@id":"https:\/\/javierbarriocouture.com\/product\/vestido-con-mangas-murcielago-en-blanco-y-en-raso-kore\/","url":"https:\/\/javierbarriocouture.com\/product\/vestido-con-mangas-murcielago-en-blanco-y-en-raso-kore\/","name":"vestido con mangas murci\u00e9lago blanco - Kor\u00e9 - Javier Barrio","isPartOf":{"@id":"https:\/\/javierbarriocouture.com\/#website"},"primaryImageOfPage":{"@id":"https:\/\/javierbarriocouture.com\/product\/vestido-con-mangas-murcielago-en-blanco-y-en-raso-kore\/#primaryimage"},"image":{"@id":"https:\/\/javierbarriocouture.com\/product\/vestido-con-mangas-murcielago-en-blanco-y-en-raso-kore\/#primaryimage"},"thumbnailUrl":"https:\/\/javierbarriocouture.com\/wp-content\/uploads\/2022\/12\/vestido-corto-Kore-1_Javier-Barrio-couture.jpg","datePublished":"2022-12-31T00:14:37+00:00","dateModified":"2023-03-14T00:19:40+00:00","description":"Un b\u00e1sico de las veladas blancas. Vestido blanco en raso y con mangas murci\u00e9lago, escote alto y transparencias para un toque extra de glamour.","breadcrumb":{"@id":"https:\/\/javierbarriocouture.com\/product\/vestido-con-mangas-murcielago-en-blanco-y-en-raso-kore\/#breadcrumb"},"inLanguage":"en-US","potentialAction":[{"@type":"ReadAction","target":["https:\/\/javierbarriocouture.com\/product\/vestido-con-mangas-murcielago-en-blanco-y-en-raso-kore\/"]}]},{"@type":"ImageObject","inLanguage":"en-US","@id":"https:\/\/javierbarriocouture.com\/product\/vestido-con-mangas-murcielago-en-blanco-y-en-raso-kore\/#primaryimage","url":"https:\/\/javierbarriocouture.com\/wp-content\/uploads\/2022\/12\/vestido-corto-Kore-1_Javier-Barrio-couture.jpg","contentUrl":"https:\/\/javierbarriocouture.com\/wp-content\/uploads\/2022\/12\/vestido-corto-Kore-1_Javier-Barrio-couture.jpg","width":707,"height":1100,"caption":"vestido corto Kore negro con lentejuelas, corte sirena y cuello halter - Javier Barrio"},{"@type":"BreadcrumbList","@id":"https:\/\/javierbarriocouture.com\/product\/vestido-con-mangas-murcielago-en-blanco-y-en-raso-kore\/#breadcrumb","itemListElement":[{"@type":"ListItem","position":1,"name":"Portada","item":"https:\/\/javierbarriocouture.com\/en\/"},{"@type":"ListItem","position":2,"name":"Shop","item":"https:\/\/javierbarriocouture.com\/en\/shop\/"},{"@type":"ListItem","position":3,"name":"Dress with batwing sleeves in white and satin &#8211; Kor\u00e9"}]},{"@type":"WebSite","@id":"https:\/\/javierbarriocouture.com\/#website","url":"https:\/\/javierbarriocouture.com\/","name":"Javier Barrio Couture","description":"Javier Barrio Couture","publisher":{"@id":"https:\/\/javierbarriocouture.com\/#organization"},"potentialAction":[{"@type":"SearchAction","target":{"@type":"EntryPoint","urlTemplate":"https:\/\/javierbarriocouture.com\/?s={search_term_string}"},"query-input":{"@type":"PropertyValueSpecification","valueRequired":true,"valueName":"search_term_string"}}],"inLanguage":"en-US"},{"@type":"Organization","@id":"https:\/\/javierbarriocouture.com\/#organization","name":"Javier Barrio Couture","url":"https:\/\/javierbarriocouture.com\/","logo":{"@type":"ImageObject","inLanguage":"en-US","@id":"https:\/\/javierbarriocouture.com\/#\/schema\/logo\/image\/","url":"https:\/\/javierbarriocouture.com\/wp-content\/uploads\/2018\/12\/logo3.png","contentUrl":"https:\/\/javierbarriocouture.com\/wp-content\/uploads\/2018\/12\/logo3.png","width":268,"height":68,"caption":"Javier Barrio Couture"},"image":{"@id":"https:\/\/javierbarriocouture.com\/#\/schema\/logo\/image\/"},"sameAs":["https:\/\/www.facebook.com\/JavierBarrioCouture","https:\/\/x.com\/javierbarrioC","https:\/\/www.instagram.com\/javierbarrio_couture\/","https:\/\/es.linkedin.com\/in\/javier-barrio-rey-1b929443","https:\/\/www.pinterest.es\/javierbarriojb\/","https:\/\/www.youtube.com\/channel\/UCjMiv0bKvLHADQ5RM5cDGsQ\/"]}]},"og_availability":"instock","product_availability":"instock","product_condition":"new"},"_links":{"self":[{"href":"https:\/\/javierbarriocouture.com\/en\/wp-json\/wp\/v2\/product\/17664","targetHints":{"allow":["GET"]}}],"collection":[{"href":"https:\/\/javierbarriocouture.com\/en\/wp-json\/wp\/v2\/product"}],"about":[{"href":"https:\/\/javierbarriocouture.com\/en\/wp-json\/wp\/v2\/types\/product"}],"replies":[{"embeddable":true,"href":"https:\/\/javierbarriocouture.com\/en\/wp-json\/wp\/v2\/comments?post=17664"}],"version-history":[{"count":1,"href":"https:\/\/javierbarriocouture.com\/en\/wp-json\/wp\/v2\/product\/17664\/revisions"}],"predecessor-version":[{"id":17671,"href":"https:\/\/javierbarriocouture.com\/en\/wp-json\/wp\/v2\/product\/17664\/revisions\/17671"}],"wp:featuredmedia":[{"embeddable":true,"href":"https:\/\/javierbarriocouture.com\/en\/wp-json\/wp\/v2\/media\/17109"}],"wp:attachment":[{"href":"https:\/\/javierbarriocouture.com\/en\/wp-json\/wp\/v2\/media?parent=17664"}],"wp:term":[{"taxonomy":"store","embeddable":true,"href":"https:\/\/javierbarriocouture.com\/en\/wp-json\/wp\/v2\/store?post=17664"},{"taxonomy":"product_brand","embeddable":true,"href":"https:\/\/javierbarriocouture.com\/en\/wp-json\/wp\/v2\/product_brand?post=17664"},{"taxonomy":"product_cat","embeddable":true,"href":"https:\/\/javierbarriocouture.com\/en\/wp-json\/wp\/v2\/product_cat?post=17664"},{"taxonomy":"product_tag","embeddable":true,"href":"https:\/\/javierbarriocouture.com\/en\/wp-json\/wp\/v2\/product_tag?post=17664"}],"curies":[{"name":"wp","href":"https:\/\/api.w.org\/{rel}","templated":true}]}}