{"id":17700,"date":"2023-01-02T01:09:14","date_gmt":"2023-01-02T00:09:14","guid":{"rendered":"https:\/\/javierbarriocouture.com\/producto\/mono-de-novia-cuello-pico-corte-recto-y-fajin-caterina\/"},"modified":"2023-03-15T00:35:11","modified_gmt":"2023-03-14T23:35:11","slug":"v-neck-bridal-jumpsuit-straight-cut-and-sash-caterina","status":"publish","type":"product","link":"https:\/\/javierbarriocouture.com\/en\/product\/v-neck-bridal-jumpsuit-straight-cut-and-sash-caterina\/","title":{"rendered":"V-neck bridal jumpsuit, straight cut and sash &#8211; Caterina"},"content":{"rendered":"<p style=\"text-align: left;\"><strong>Descripci\u00f3n:<\/strong> Mono de novia con cuello de pico \u00f3 escote en V, con pantal\u00f3n de corte recto y faj\u00edn<span style=\"font-family: -apple-system, BlinkMacSystemFont, 'Segoe UI', Roboto, Oxygen-Sans, Ubuntu, Cantarell, 'Helvetica Neue', sans-serif;\">.<\/span><\/p>\n<p>&nbsp;<\/p>\n<p style=\"text-align: left;\"><strong>Detalle t\u00e9cnico: <\/strong>Mono de novia de tejido de crepe Dral\u00f3n poli\u00e9ster con elastano con gasa de la misma calidad incluyendo el forro del mismo vestido y a tono al color del mismo. Cremallera invisible de calidad a tono del mismo. Costuras reforzadas y francesas.<\/p>\n<p>&nbsp;<\/p>\n<p class=\"p1\" style=\"text-align: left;\"><strong>Composici\u00f3n:<\/strong> 97% POLIESTER y 3% ELASTANO.<\/p>\n<p>&nbsp;<\/p>\n<p style=\"text-align: left;\">Si a\u00fan as\u00ed quieres ver otras opciones de vestidos de novia, sigue el siguiente enlace &gt;&gt; <a href=\"https:\/\/javierbarriocouture.com\/en\/product-category\/civil-bride\/\">otras opciones<\/a>.<\/p>\n<p>&nbsp;<\/p>\n","protected":false},"excerpt":{"rendered":"<p style=\"text-align: left;\">Haz que tu d\u00eda sea el doble de especial y destaca con nuestro mono de novia Caterina.<\/p>\n<p>&nbsp;<\/p>\n<p style=\"text-align: left;\">Su cl\u00e1sico color blanco y su escote en V lo hacen elegante. Adem\u00e1s, con el pantal\u00f3n de corte recto podr\u00e1s seguir disfrutando de la comodidad de una prenda informal.<\/p>\n<p>&nbsp;<\/p>\n<p style=\"text-align: left;\">La cintura ce\u00f1ida y el faj\u00edn ofrecen un efecto estilizado que se completa a la perfecci\u00f3n con el resto de la prenda.<\/p>\n<p>&nbsp;<\/p>\n<p style=\"text-align: left;\">Seguro que te encaja a la perfecci\u00f3n esta propuesta tan original de nuestra colecci\u00f3n nupcial.<\/p>\n","protected":false},"featured_media":17324,"comment_status":"closed","ping_status":"closed","template":"","meta":{"_acf_changed":false},"store":[],"product_brand":[],"product_cat":[206],"product_tag":[],"class_list":{"0":"post-17700","1":"product","2":"type-product","3":"status-publish","4":"has-post-thumbnail","6":"product_cat-civil-bride","8":"first","9":"instock","10":"taxable","11":"shipping-taxable","12":"purchasable","13":"product-type-variable"},"acf":[],"yoast_head":"<!-- This site is optimized with the Yoast SEO Premium plugin v25.1 (Yoast SEO v27.6) - https:\/\/yoast.com\/product\/yoast-seo-premium-wordpress\/ -->\n<title>Mono de novia cuello pico, corte recto - Caterina - Javier Barrio<\/title>\n<meta name=\"description\" content=\"Aporta ese toque chic al d\u00eda de tu boda. Este original mono de cuello pico es una gran opci\u00f3n para la novia que quiere lucir contempor\u00e1nea y elegante.\" \/>\n<meta name=\"robots\" content=\"index, follow, max-snippet:-1, max-image-preview:large, max-video-preview:-1\" \/>\n<link rel=\"canonical\" href=\"https:\/\/javierbarriocouture.com\/en\/product\/v-neck-bridal-jumpsuit-straight-cut-and-sash-caterina\/\" \/>\n<meta property=\"og:locale\" content=\"en_US\" \/>\n<meta property=\"og:type\" content=\"article\" \/>\n<meta property=\"og:title\" content=\"V-neck bridal jumpsuit, straight cut and sash - Caterina\" \/>\n<meta property=\"og:description\" content=\"Aporta ese toque chic al d\u00eda de tu boda. Este original mono de cuello pico es una gran opci\u00f3n para la novia que quiere lucir contempor\u00e1nea y elegante.\" \/>\n<meta property=\"og:url\" content=\"https:\/\/javierbarriocouture.com\/en\/product\/v-neck-bridal-jumpsuit-straight-cut-and-sash-caterina\/\" \/>\n<meta property=\"og:site_name\" content=\"Javier Barrio Couture\" \/>\n<meta property=\"article:publisher\" content=\"https:\/\/www.facebook.com\/JavierBarrioCouture\" \/>\n<meta property=\"article:modified_time\" content=\"2023-03-14T23:35:11+00:00\" \/>\n<meta property=\"og:image\" content=\"https:\/\/javierbarriocouture.com\/wp-content\/uploads\/2023\/01\/vestido-de-novia-Catarina-1_Javier-Barrio-couture.jpg\" \/>\n\t<meta property=\"og:image:width\" content=\"707\" \/>\n\t<meta property=\"og:image:height\" content=\"1100\" \/>\n\t<meta property=\"og:image:type\" content=\"image\/jpeg\" \/>\n<meta name=\"twitter:card\" content=\"summary_large_image\" \/>\n<meta name=\"twitter:site\" content=\"@javierbarrioC\" \/>\n<meta name=\"twitter:label1\" content=\"Availability\" \/>\n\t<meta name=\"twitter:data1\" content=\"In stock\" \/>\n<script type=\"application\/ld+json\" class=\"yoast-schema-graph\">{\"@context\":\"https:\\\/\\\/schema.org\",\"@graph\":[{\"@type\":\"WebPage\",\"@id\":\"https:\\\/\\\/javierbarriocouture.com\\\/en\\\/product\\\/v-neck-bridal-jumpsuit-straight-cut-and-sash-caterina\\\/\",\"url\":\"https:\\\/\\\/javierbarriocouture.com\\\/en\\\/product\\\/v-neck-bridal-jumpsuit-straight-cut-and-sash-caterina\\\/\",\"name\":\"Mono de novia cuello pico, corte recto - Caterina - Javier Barrio\",\"isPartOf\":{\"@id\":\"https:\\\/\\\/javierbarriocouture.com\\\/#website\"},\"primaryImageOfPage\":{\"@id\":\"https:\\\/\\\/javierbarriocouture.com\\\/en\\\/product\\\/v-neck-bridal-jumpsuit-straight-cut-and-sash-caterina\\\/#primaryimage\"},\"image\":{\"@id\":\"https:\\\/\\\/javierbarriocouture.com\\\/en\\\/product\\\/v-neck-bridal-jumpsuit-straight-cut-and-sash-caterina\\\/#primaryimage\"},\"thumbnailUrl\":\"https:\\\/\\\/javierbarriocouture.com\\\/wp-content\\\/uploads\\\/2023\\\/01\\\/vestido-de-novia-Catarina-1_Javier-Barrio-couture.jpg\",\"datePublished\":\"2023-01-02T00:09:14+00:00\",\"dateModified\":\"2023-03-14T23:35:11+00:00\",\"description\":\"Aporta ese toque chic al d\u00eda de tu boda. Este original mono de cuello pico es una gran opci\u00f3n para la novia que quiere lucir contempor\u00e1nea y elegante.\",\"breadcrumb\":{\"@id\":\"https:\\\/\\\/javierbarriocouture.com\\\/en\\\/product\\\/v-neck-bridal-jumpsuit-straight-cut-and-sash-caterina\\\/#breadcrumb\"},\"inLanguage\":\"en-US\",\"potentialAction\":[{\"@type\":\"ReadAction\",\"target\":[\"https:\\\/\\\/javierbarriocouture.com\\\/en\\\/product\\\/v-neck-bridal-jumpsuit-straight-cut-and-sash-caterina\\\/\"]}]},{\"@type\":\"ImageObject\",\"inLanguage\":\"en-US\",\"@id\":\"https:\\\/\\\/javierbarriocouture.com\\\/en\\\/product\\\/v-neck-bridal-jumpsuit-straight-cut-and-sash-caterina\\\/#primaryimage\",\"url\":\"https:\\\/\\\/javierbarriocouture.com\\\/wp-content\\\/uploads\\\/2023\\\/01\\\/vestido-de-novia-Catarina-1_Javier-Barrio-couture.jpg\",\"contentUrl\":\"https:\\\/\\\/javierbarriocouture.com\\\/wp-content\\\/uploads\\\/2023\\\/01\\\/vestido-de-novia-Catarina-1_Javier-Barrio-couture.jpg\",\"width\":707,\"height\":1100,\"caption\":\"Mono de novia Caterina con cuello de pico, corte recto y faj\u00edn - Javier Barrio\"},{\"@type\":\"BreadcrumbList\",\"@id\":\"https:\\\/\\\/javierbarriocouture.com\\\/en\\\/product\\\/v-neck-bridal-jumpsuit-straight-cut-and-sash-caterina\\\/#breadcrumb\",\"itemListElement\":[{\"@type\":\"ListItem\",\"position\":1,\"name\":\"Portada\",\"item\":\"https:\\\/\\\/javierbarriocouture.com\\\/en\\\/\"},{\"@type\":\"ListItem\",\"position\":2,\"name\":\"Shop\",\"item\":\"https:\\\/\\\/javierbarriocouture.com\\\/en\\\/shop\\\/\"},{\"@type\":\"ListItem\",\"position\":3,\"name\":\"V-neck bridal jumpsuit, straight cut and sash &#8211; Caterina\"}]},{\"@type\":\"WebSite\",\"@id\":\"https:\\\/\\\/javierbarriocouture.com\\\/#website\",\"url\":\"https:\\\/\\\/javierbarriocouture.com\\\/\",\"name\":\"Javier Barrio Couture\",\"description\":\"Javier Barrio Couture\",\"publisher\":{\"@id\":\"https:\\\/\\\/javierbarriocouture.com\\\/#organization\"},\"potentialAction\":[{\"@type\":\"SearchAction\",\"target\":{\"@type\":\"EntryPoint\",\"urlTemplate\":\"https:\\\/\\\/javierbarriocouture.com\\\/?s={search_term_string}\"},\"query-input\":{\"@type\":\"PropertyValueSpecification\",\"valueRequired\":true,\"valueName\":\"search_term_string\"}}],\"inLanguage\":\"en-US\"},{\"@type\":\"Organization\",\"@id\":\"https:\\\/\\\/javierbarriocouture.com\\\/#organization\",\"name\":\"Javier Barrio Couture\",\"url\":\"https:\\\/\\\/javierbarriocouture.com\\\/\",\"logo\":{\"@type\":\"ImageObject\",\"inLanguage\":\"en-US\",\"@id\":\"https:\\\/\\\/javierbarriocouture.com\\\/#\\\/schema\\\/logo\\\/image\\\/\",\"url\":\"https:\\\/\\\/javierbarriocouture.com\\\/wp-content\\\/uploads\\\/2018\\\/12\\\/logo3.png\",\"contentUrl\":\"https:\\\/\\\/javierbarriocouture.com\\\/wp-content\\\/uploads\\\/2018\\\/12\\\/logo3.png\",\"width\":268,\"height\":68,\"caption\":\"Javier Barrio Couture\"},\"image\":{\"@id\":\"https:\\\/\\\/javierbarriocouture.com\\\/#\\\/schema\\\/logo\\\/image\\\/\"},\"sameAs\":[\"https:\\\/\\\/www.facebook.com\\\/JavierBarrioCouture\",\"https:\\\/\\\/x.com\\\/javierbarrioC\",\"https:\\\/\\\/www.instagram.com\\\/javierbarrio_couture\\\/\",\"https:\\\/\\\/es.linkedin.com\\\/in\\\/javier-barrio-rey-1b929443\",\"https:\\\/\\\/www.pinterest.es\\\/javierbarriojb\\\/\",\"https:\\\/\\\/www.youtube.com\\\/channel\\\/UCjMiv0bKvLHADQ5RM5cDGsQ\\\/\"]}]}<\/script>\n<meta property=\"og:availability\" content=\"instock\" \/>\n<meta property=\"product:availability\" content=\"instock\" \/>\n<meta property=\"product:condition\" content=\"new\" \/>\n<!-- \/ Yoast SEO Premium plugin. -->","yoast_head_json":{"title":"Mono de novia cuello pico, corte recto - Caterina - Javier Barrio","description":"Aporta ese toque chic al d\u00eda de tu boda. Este original mono de cuello pico es una gran opci\u00f3n para la novia que quiere lucir contempor\u00e1nea y elegante.","robots":{"index":"index","follow":"follow","max-snippet":"max-snippet:-1","max-image-preview":"max-image-preview:large","max-video-preview":"max-video-preview:-1"},"canonical":"https:\/\/javierbarriocouture.com\/en\/product\/v-neck-bridal-jumpsuit-straight-cut-and-sash-caterina\/","og_locale":"en_US","og_type":"article","og_title":"V-neck bridal jumpsuit, straight cut and sash - Caterina","og_description":"Aporta ese toque chic al d\u00eda de tu boda. Este original mono de cuello pico es una gran opci\u00f3n para la novia que quiere lucir contempor\u00e1nea y elegante.","og_url":"https:\/\/javierbarriocouture.com\/en\/product\/v-neck-bridal-jumpsuit-straight-cut-and-sash-caterina\/","og_site_name":"Javier Barrio Couture","article_publisher":"https:\/\/www.facebook.com\/JavierBarrioCouture","article_modified_time":"2023-03-14T23:35:11+00:00","og_image":[{"width":707,"height":1100,"url":"https:\/\/javierbarriocouture.com\/wp-content\/uploads\/2023\/01\/vestido-de-novia-Catarina-1_Javier-Barrio-couture.jpg","type":"image\/jpeg"}],"twitter_card":"summary_large_image","twitter_site":"@javierbarrioC","twitter_misc":{"Availability":"In stock"},"schema":{"@context":"https:\/\/schema.org","@graph":[{"@type":"WebPage","@id":"https:\/\/javierbarriocouture.com\/en\/product\/v-neck-bridal-jumpsuit-straight-cut-and-sash-caterina\/","url":"https:\/\/javierbarriocouture.com\/en\/product\/v-neck-bridal-jumpsuit-straight-cut-and-sash-caterina\/","name":"Mono de novia cuello pico, corte recto - Caterina - Javier Barrio","isPartOf":{"@id":"https:\/\/javierbarriocouture.com\/#website"},"primaryImageOfPage":{"@id":"https:\/\/javierbarriocouture.com\/en\/product\/v-neck-bridal-jumpsuit-straight-cut-and-sash-caterina\/#primaryimage"},"image":{"@id":"https:\/\/javierbarriocouture.com\/en\/product\/v-neck-bridal-jumpsuit-straight-cut-and-sash-caterina\/#primaryimage"},"thumbnailUrl":"https:\/\/javierbarriocouture.com\/wp-content\/uploads\/2023\/01\/vestido-de-novia-Catarina-1_Javier-Barrio-couture.jpg","datePublished":"2023-01-02T00:09:14+00:00","dateModified":"2023-03-14T23:35:11+00:00","description":"Aporta ese toque chic al d\u00eda de tu boda. Este original mono de cuello pico es una gran opci\u00f3n para la novia que quiere lucir contempor\u00e1nea y elegante.","breadcrumb":{"@id":"https:\/\/javierbarriocouture.com\/en\/product\/v-neck-bridal-jumpsuit-straight-cut-and-sash-caterina\/#breadcrumb"},"inLanguage":"en-US","potentialAction":[{"@type":"ReadAction","target":["https:\/\/javierbarriocouture.com\/en\/product\/v-neck-bridal-jumpsuit-straight-cut-and-sash-caterina\/"]}]},{"@type":"ImageObject","inLanguage":"en-US","@id":"https:\/\/javierbarriocouture.com\/en\/product\/v-neck-bridal-jumpsuit-straight-cut-and-sash-caterina\/#primaryimage","url":"https:\/\/javierbarriocouture.com\/wp-content\/uploads\/2023\/01\/vestido-de-novia-Catarina-1_Javier-Barrio-couture.jpg","contentUrl":"https:\/\/javierbarriocouture.com\/wp-content\/uploads\/2023\/01\/vestido-de-novia-Catarina-1_Javier-Barrio-couture.jpg","width":707,"height":1100,"caption":"Mono de novia Caterina con cuello de pico, corte recto y faj\u00edn - Javier Barrio"},{"@type":"BreadcrumbList","@id":"https:\/\/javierbarriocouture.com\/en\/product\/v-neck-bridal-jumpsuit-straight-cut-and-sash-caterina\/#breadcrumb","itemListElement":[{"@type":"ListItem","position":1,"name":"Portada","item":"https:\/\/javierbarriocouture.com\/en\/"},{"@type":"ListItem","position":2,"name":"Shop","item":"https:\/\/javierbarriocouture.com\/en\/shop\/"},{"@type":"ListItem","position":3,"name":"V-neck bridal jumpsuit, straight cut and sash &#8211; Caterina"}]},{"@type":"WebSite","@id":"https:\/\/javierbarriocouture.com\/#website","url":"https:\/\/javierbarriocouture.com\/","name":"Javier Barrio Couture","description":"Javier Barrio Couture","publisher":{"@id":"https:\/\/javierbarriocouture.com\/#organization"},"potentialAction":[{"@type":"SearchAction","target":{"@type":"EntryPoint","urlTemplate":"https:\/\/javierbarriocouture.com\/?s={search_term_string}"},"query-input":{"@type":"PropertyValueSpecification","valueRequired":true,"valueName":"search_term_string"}}],"inLanguage":"en-US"},{"@type":"Organization","@id":"https:\/\/javierbarriocouture.com\/#organization","name":"Javier Barrio Couture","url":"https:\/\/javierbarriocouture.com\/","logo":{"@type":"ImageObject","inLanguage":"en-US","@id":"https:\/\/javierbarriocouture.com\/#\/schema\/logo\/image\/","url":"https:\/\/javierbarriocouture.com\/wp-content\/uploads\/2018\/12\/logo3.png","contentUrl":"https:\/\/javierbarriocouture.com\/wp-content\/uploads\/2018\/12\/logo3.png","width":268,"height":68,"caption":"Javier Barrio Couture"},"image":{"@id":"https:\/\/javierbarriocouture.com\/#\/schema\/logo\/image\/"},"sameAs":["https:\/\/www.facebook.com\/JavierBarrioCouture","https:\/\/x.com\/javierbarrioC","https:\/\/www.instagram.com\/javierbarrio_couture\/","https:\/\/es.linkedin.com\/in\/javier-barrio-rey-1b929443","https:\/\/www.pinterest.es\/javierbarriojb\/","https:\/\/www.youtube.com\/channel\/UCjMiv0bKvLHADQ5RM5cDGsQ\/"]}]},"og_availability":"instock","product_availability":"instock","product_condition":"new"},"_links":{"self":[{"href":"https:\/\/javierbarriocouture.com\/en\/wp-json\/wp\/v2\/product\/17700","targetHints":{"allow":["GET"]}}],"collection":[{"href":"https:\/\/javierbarriocouture.com\/en\/wp-json\/wp\/v2\/product"}],"about":[{"href":"https:\/\/javierbarriocouture.com\/en\/wp-json\/wp\/v2\/types\/product"}],"replies":[{"embeddable":true,"href":"https:\/\/javierbarriocouture.com\/en\/wp-json\/wp\/v2\/comments?post=17700"}],"version-history":[{"count":2,"href":"https:\/\/javierbarriocouture.com\/en\/wp-json\/wp\/v2\/product\/17700\/revisions"}],"predecessor-version":[{"id":18305,"href":"https:\/\/javierbarriocouture.com\/en\/wp-json\/wp\/v2\/product\/17700\/revisions\/18305"}],"wp:featuredmedia":[{"embeddable":true,"href":"https:\/\/javierbarriocouture.com\/en\/wp-json\/wp\/v2\/media\/17324"}],"wp:attachment":[{"href":"https:\/\/javierbarriocouture.com\/en\/wp-json\/wp\/v2\/media?parent=17700"}],"wp:term":[{"taxonomy":"store","embeddable":true,"href":"https:\/\/javierbarriocouture.com\/en\/wp-json\/wp\/v2\/store?post=17700"},{"taxonomy":"product_brand","embeddable":true,"href":"https:\/\/javierbarriocouture.com\/en\/wp-json\/wp\/v2\/product_brand?post=17700"},{"taxonomy":"product_cat","embeddable":true,"href":"https:\/\/javierbarriocouture.com\/en\/wp-json\/wp\/v2\/product_cat?post=17700"},{"taxonomy":"product_tag","embeddable":true,"href":"https:\/\/javierbarriocouture.com\/en\/wp-json\/wp\/v2\/product_tag?post=17700"}],"curies":[{"name":"wp","href":"https:\/\/api.w.org\/{rel}","templated":true}]}}