{"id":7525,"date":"2019-07-03T18:03:20","date_gmt":"2019-07-03T17:03:34","guid":{"rendered":"https:\/\/javierbarriocouture.com\/?post_type=product&#038;p=7525"},"modified":"2021-04-29T23:17:11","modified_gmt":"2021-04-29T22:17:11","slug":"degas-heeled-shoes-taupe","status":"publish","type":"product","link":"https:\/\/javierbarriocouture.com\/en\/product\/degas-heeled-shoes-taupe\/","title":{"rendered":"Degas Heeled Shoes (Taupe)"},"content":{"rendered":"<p style=\"text-align: justify;\">Made of authentic goatskin, a eaten material that makes footwear a tremendously comfortable piece.<\/p>\n<p>&nbsp;<\/p>\n<p style=\"text-align: justify;\">The color of the footwear is a shiny taupe, with a tendency to copper that makes it perfectly combinable with many colors.<\/p>\n<p>&nbsp;<\/p>\n<p style=\"text-align: justify;\">The height of the heel is ideal because it stylizes and, in addition, it is very comfortable, it makes it perfect to combine with any dress.<\/p>\n<p>&nbsp;<\/p>\n<p style=\"text-align: justify;\">The goal of succeeding in a dress and shoe combination is to completely break the monotony and attract attention, success is guaranteed!<\/p>\n","protected":false},"excerpt":{"rendered":"<p style=\"text-align: justify;\">High-heeled shoe, court style, made of goatskin, in taupe with a certain shine with tape on the heel and shoe. An elegant style that streamlines the instep of the foot. The originality of the footwear is found at the end of the strap on the instep that ends with a beautiful bow.<\/p>\n<p>&nbsp;<\/p>\n<p style=\"text-align: justify;\">The shoes are made by hand, in Javier Barrio&#8217;s Haute Couture workshops in Galicia.<\/p>\n<p>&nbsp;<\/p>\n<p style=\"text-align: justify;\">This taupe color combines with any Haute Couture party dress in red, orange or fuchsia. Choose the one you like the most because it combines with all of them. The one I recommend using the most is a sequin <a href=\"https:\/\/javierbarriocouture.com\/en\/product\/short-dress-in-pink-and-satin-sequin\/\" target=\"_blank\" rel=\"noopener\">dress with a shiny style<\/a> like this one, you will see that the result will be spectacular.<\/p>\n","protected":false},"featured_media":7536,"comment_status":"closed","ping_status":"closed","template":"","meta":{"_acf_changed":false},"store":[],"product_brand":[],"product_cat":[143],"product_tag":[],"class_list":{"0":"post-7525","1":"product","2":"type-product","3":"status-publish","4":"has-post-thumbnail","6":"product_cat-shoes","8":"first","9":"instock","10":"taxable","11":"shipping-taxable","12":"purchasable","13":"product-type-variable"},"acf":[],"yoast_head":"<!-- This site is optimized with the Yoast SEO Premium plugin v25.1 (Yoast SEO v27.6) - https:\/\/yoast.com\/product\/yoast-seo-premium-wordpress\/ -->\n<title>\u27a4 Degas Heeled Shoes (Taupe) - Javier Barrio \u2713<\/title>\n<meta name=\"robots\" content=\"index, follow, max-snippet:-1, max-image-preview:large, max-video-preview:-1\" \/>\n<link rel=\"canonical\" href=\"https:\/\/javierbarriocouture.com\/product\/zapatos-de-tacon-degas-topo\/\" \/>\n<meta property=\"og:locale\" content=\"en_US\" \/>\n<meta property=\"og:type\" content=\"article\" \/>\n<meta property=\"og:title\" content=\"Degas Heeled Shoes (Taupe)\" \/>\n<meta property=\"og:description\" content=\"High-heeled shoe, court style, made of goatskin, in taupe with a certain shine with tape on the heel and shoe. An elegant style that streamlines the instep of the foot. The originality of the footwear is found at the end of the strap on the instep that ends with a beautiful bow. &nbsp; The shoes are made by hand, in Javier Barrio&#039;s Haute Couture workshops in Galicia. &nbsp; This taupe color combines with any Haute Couture party dress in red, orange or fuchsia. Choose the one you like the most because it combines with all of them. The one I recommend using the most is a sequin dress with a shiny style like this one, you will see that the result will be spectacular.\" \/>\n<meta property=\"og:url\" content=\"https:\/\/javierbarriocouture.com\/product\/zapatos-de-tacon-degas-topo\/\" \/>\n<meta property=\"og:site_name\" content=\"Javier Barrio Couture\" \/>\n<meta property=\"article:publisher\" content=\"https:\/\/www.facebook.com\/JavierBarrioCouture\" \/>\n<meta property=\"article:modified_time\" content=\"2021-04-29T22:17:11+00:00\" \/>\n<meta property=\"og:image\" content=\"https:\/\/javierbarriocouture.com\/wp-content\/uploads\/2019\/07\/70A9572.jpg\" \/>\n\t<meta property=\"og:image:width\" content=\"1024\" \/>\n\t<meta property=\"og:image:height\" content=\"683\" \/>\n\t<meta property=\"og:image:type\" content=\"image\/jpeg\" \/>\n<meta name=\"twitter:card\" content=\"summary_large_image\" \/>\n<meta name=\"twitter:site\" content=\"@javierbarrioC\" \/>\n<meta name=\"twitter:label1\" content=\"Availability\" \/>\n\t<meta name=\"twitter:data1\" content=\"In stock\" \/>\n<script type=\"application\/ld+json\" class=\"yoast-schema-graph\">{\"@context\":\"https:\\\/\\\/schema.org\",\"@graph\":[{\"@type\":\"WebPage\",\"@id\":\"https:\\\/\\\/javierbarriocouture.com\\\/product\\\/zapatos-de-tacon-degas-topo\\\/\",\"url\":\"https:\\\/\\\/javierbarriocouture.com\\\/product\\\/zapatos-de-tacon-degas-topo\\\/\",\"name\":\"\u27a4 Degas Heeled Shoes (Taupe) - Javier Barrio \u2713\",\"isPartOf\":{\"@id\":\"https:\\\/\\\/javierbarriocouture.com\\\/#website\"},\"primaryImageOfPage\":{\"@id\":\"https:\\\/\\\/javierbarriocouture.com\\\/product\\\/zapatos-de-tacon-degas-topo\\\/#primaryimage\"},\"image\":{\"@id\":\"https:\\\/\\\/javierbarriocouture.com\\\/product\\\/zapatos-de-tacon-degas-topo\\\/#primaryimage\"},\"thumbnailUrl\":\"https:\\\/\\\/javierbarriocouture.com\\\/wp-content\\\/uploads\\\/2019\\\/07\\\/70A9572.jpg\",\"datePublished\":\"2019-07-03T17:03:34+00:00\",\"dateModified\":\"2021-04-29T22:17:11+00:00\",\"breadcrumb\":{\"@id\":\"https:\\\/\\\/javierbarriocouture.com\\\/product\\\/zapatos-de-tacon-degas-topo\\\/#breadcrumb\"},\"inLanguage\":\"en-US\",\"potentialAction\":[{\"@type\":\"ReadAction\",\"target\":[\"https:\\\/\\\/javierbarriocouture.com\\\/product\\\/zapatos-de-tacon-degas-topo\\\/\"]}]},{\"@type\":\"ImageObject\",\"inLanguage\":\"en-US\",\"@id\":\"https:\\\/\\\/javierbarriocouture.com\\\/product\\\/zapatos-de-tacon-degas-topo\\\/#primaryimage\",\"url\":\"https:\\\/\\\/javierbarriocouture.com\\\/wp-content\\\/uploads\\\/2019\\\/07\\\/70A9572.jpg\",\"contentUrl\":\"https:\\\/\\\/javierbarriocouture.com\\\/wp-content\\\/uploads\\\/2019\\\/07\\\/70A9572.jpg\",\"width\":1024,\"height\":683,\"caption\":\"Zapato de tac\u00f3n fino corte sal\u00f3n azul con cinta y lazada en tal\u00f3n\"},{\"@type\":\"BreadcrumbList\",\"@id\":\"https:\\\/\\\/javierbarriocouture.com\\\/product\\\/zapatos-de-tacon-degas-topo\\\/#breadcrumb\",\"itemListElement\":[{\"@type\":\"ListItem\",\"position\":1,\"name\":\"Portada\",\"item\":\"https:\\\/\\\/javierbarriocouture.com\\\/en\\\/\"},{\"@type\":\"ListItem\",\"position\":2,\"name\":\"Shop\",\"item\":\"https:\\\/\\\/javierbarriocouture.com\\\/en\\\/shop\\\/\"},{\"@type\":\"ListItem\",\"position\":3,\"name\":\"Degas Heeled Shoes (Taupe)\"}]},{\"@type\":\"WebSite\",\"@id\":\"https:\\\/\\\/javierbarriocouture.com\\\/#website\",\"url\":\"https:\\\/\\\/javierbarriocouture.com\\\/\",\"name\":\"Javier Barrio Couture\",\"description\":\"Javier Barrio Couture\",\"publisher\":{\"@id\":\"https:\\\/\\\/javierbarriocouture.com\\\/#organization\"},\"potentialAction\":[{\"@type\":\"SearchAction\",\"target\":{\"@type\":\"EntryPoint\",\"urlTemplate\":\"https:\\\/\\\/javierbarriocouture.com\\\/?s={search_term_string}\"},\"query-input\":{\"@type\":\"PropertyValueSpecification\",\"valueRequired\":true,\"valueName\":\"search_term_string\"}}],\"inLanguage\":\"en-US\"},{\"@type\":\"Organization\",\"@id\":\"https:\\\/\\\/javierbarriocouture.com\\\/#organization\",\"name\":\"Javier Barrio Couture\",\"url\":\"https:\\\/\\\/javierbarriocouture.com\\\/\",\"logo\":{\"@type\":\"ImageObject\",\"inLanguage\":\"en-US\",\"@id\":\"https:\\\/\\\/javierbarriocouture.com\\\/#\\\/schema\\\/logo\\\/image\\\/\",\"url\":\"https:\\\/\\\/javierbarriocouture.com\\\/wp-content\\\/uploads\\\/2018\\\/12\\\/logo3.png\",\"contentUrl\":\"https:\\\/\\\/javierbarriocouture.com\\\/wp-content\\\/uploads\\\/2018\\\/12\\\/logo3.png\",\"width\":268,\"height\":68,\"caption\":\"Javier Barrio Couture\"},\"image\":{\"@id\":\"https:\\\/\\\/javierbarriocouture.com\\\/#\\\/schema\\\/logo\\\/image\\\/\"},\"sameAs\":[\"https:\\\/\\\/www.facebook.com\\\/JavierBarrioCouture\",\"https:\\\/\\\/x.com\\\/javierbarrioC\",\"https:\\\/\\\/www.instagram.com\\\/javierbarrio_couture\\\/\",\"https:\\\/\\\/es.linkedin.com\\\/in\\\/javier-barrio-rey-1b929443\",\"https:\\\/\\\/www.pinterest.es\\\/javierbarriojb\\\/\",\"https:\\\/\\\/www.youtube.com\\\/channel\\\/UCjMiv0bKvLHADQ5RM5cDGsQ\\\/\"]}]}<\/script>\n<meta property=\"og:availability\" content=\"instock\" \/>\n<meta property=\"product:availability\" content=\"instock\" \/>\n<meta property=\"product:condition\" content=\"new\" \/>\n<!-- \/ Yoast SEO Premium plugin. -->","yoast_head_json":{"title":"\u27a4 Degas Heeled Shoes (Taupe) - Javier Barrio \u2713","robots":{"index":"index","follow":"follow","max-snippet":"max-snippet:-1","max-image-preview":"max-image-preview:large","max-video-preview":"max-video-preview:-1"},"canonical":"https:\/\/javierbarriocouture.com\/product\/zapatos-de-tacon-degas-topo\/","og_locale":"en_US","og_type":"article","og_title":"Degas Heeled Shoes (Taupe)","og_description":"High-heeled shoe, court style, made of goatskin, in taupe with a certain shine with tape on the heel and shoe. An elegant style that streamlines the instep of the foot. The originality of the footwear is found at the end of the strap on the instep that ends with a beautiful bow. &nbsp; The shoes are made by hand, in Javier Barrio's Haute Couture workshops in Galicia. &nbsp; This taupe color combines with any Haute Couture party dress in red, orange or fuchsia. Choose the one you like the most because it combines with all of them. The one I recommend using the most is a sequin dress with a shiny style like this one, you will see that the result will be spectacular.","og_url":"https:\/\/javierbarriocouture.com\/product\/zapatos-de-tacon-degas-topo\/","og_site_name":"Javier Barrio Couture","article_publisher":"https:\/\/www.facebook.com\/JavierBarrioCouture","article_modified_time":"2021-04-29T22:17:11+00:00","og_image":[{"width":1024,"height":683,"url":"https:\/\/javierbarriocouture.com\/wp-content\/uploads\/2019\/07\/70A9572.jpg","type":"image\/jpeg"}],"twitter_card":"summary_large_image","twitter_site":"@javierbarrioC","twitter_misc":{"Availability":"In stock"},"schema":{"@context":"https:\/\/schema.org","@graph":[{"@type":"WebPage","@id":"https:\/\/javierbarriocouture.com\/product\/zapatos-de-tacon-degas-topo\/","url":"https:\/\/javierbarriocouture.com\/product\/zapatos-de-tacon-degas-topo\/","name":"\u27a4 Degas Heeled Shoes (Taupe) - Javier Barrio \u2713","isPartOf":{"@id":"https:\/\/javierbarriocouture.com\/#website"},"primaryImageOfPage":{"@id":"https:\/\/javierbarriocouture.com\/product\/zapatos-de-tacon-degas-topo\/#primaryimage"},"image":{"@id":"https:\/\/javierbarriocouture.com\/product\/zapatos-de-tacon-degas-topo\/#primaryimage"},"thumbnailUrl":"https:\/\/javierbarriocouture.com\/wp-content\/uploads\/2019\/07\/70A9572.jpg","datePublished":"2019-07-03T17:03:34+00:00","dateModified":"2021-04-29T22:17:11+00:00","breadcrumb":{"@id":"https:\/\/javierbarriocouture.com\/product\/zapatos-de-tacon-degas-topo\/#breadcrumb"},"inLanguage":"en-US","potentialAction":[{"@type":"ReadAction","target":["https:\/\/javierbarriocouture.com\/product\/zapatos-de-tacon-degas-topo\/"]}]},{"@type":"ImageObject","inLanguage":"en-US","@id":"https:\/\/javierbarriocouture.com\/product\/zapatos-de-tacon-degas-topo\/#primaryimage","url":"https:\/\/javierbarriocouture.com\/wp-content\/uploads\/2019\/07\/70A9572.jpg","contentUrl":"https:\/\/javierbarriocouture.com\/wp-content\/uploads\/2019\/07\/70A9572.jpg","width":1024,"height":683,"caption":"Zapato de tac\u00f3n fino corte sal\u00f3n azul con cinta y lazada en tal\u00f3n"},{"@type":"BreadcrumbList","@id":"https:\/\/javierbarriocouture.com\/product\/zapatos-de-tacon-degas-topo\/#breadcrumb","itemListElement":[{"@type":"ListItem","position":1,"name":"Portada","item":"https:\/\/javierbarriocouture.com\/en\/"},{"@type":"ListItem","position":2,"name":"Shop","item":"https:\/\/javierbarriocouture.com\/en\/shop\/"},{"@type":"ListItem","position":3,"name":"Degas Heeled Shoes (Taupe)"}]},{"@type":"WebSite","@id":"https:\/\/javierbarriocouture.com\/#website","url":"https:\/\/javierbarriocouture.com\/","name":"Javier Barrio Couture","description":"Javier Barrio Couture","publisher":{"@id":"https:\/\/javierbarriocouture.com\/#organization"},"potentialAction":[{"@type":"SearchAction","target":{"@type":"EntryPoint","urlTemplate":"https:\/\/javierbarriocouture.com\/?s={search_term_string}"},"query-input":{"@type":"PropertyValueSpecification","valueRequired":true,"valueName":"search_term_string"}}],"inLanguage":"en-US"},{"@type":"Organization","@id":"https:\/\/javierbarriocouture.com\/#organization","name":"Javier Barrio Couture","url":"https:\/\/javierbarriocouture.com\/","logo":{"@type":"ImageObject","inLanguage":"en-US","@id":"https:\/\/javierbarriocouture.com\/#\/schema\/logo\/image\/","url":"https:\/\/javierbarriocouture.com\/wp-content\/uploads\/2018\/12\/logo3.png","contentUrl":"https:\/\/javierbarriocouture.com\/wp-content\/uploads\/2018\/12\/logo3.png","width":268,"height":68,"caption":"Javier Barrio Couture"},"image":{"@id":"https:\/\/javierbarriocouture.com\/#\/schema\/logo\/image\/"},"sameAs":["https:\/\/www.facebook.com\/JavierBarrioCouture","https:\/\/x.com\/javierbarrioC","https:\/\/www.instagram.com\/javierbarrio_couture\/","https:\/\/es.linkedin.com\/in\/javier-barrio-rey-1b929443","https:\/\/www.pinterest.es\/javierbarriojb\/","https:\/\/www.youtube.com\/channel\/UCjMiv0bKvLHADQ5RM5cDGsQ\/"]}]},"og_availability":"instock","product_availability":"instock","product_condition":"new"},"_links":{"self":[{"href":"https:\/\/javierbarriocouture.com\/en\/wp-json\/wp\/v2\/product\/7525","targetHints":{"allow":["GET"]}}],"collection":[{"href":"https:\/\/javierbarriocouture.com\/en\/wp-json\/wp\/v2\/product"}],"about":[{"href":"https:\/\/javierbarriocouture.com\/en\/wp-json\/wp\/v2\/types\/product"}],"replies":[{"embeddable":true,"href":"https:\/\/javierbarriocouture.com\/en\/wp-json\/wp\/v2\/comments?post=7525"}],"version-history":[{"count":9,"href":"https:\/\/javierbarriocouture.com\/en\/wp-json\/wp\/v2\/product\/7525\/revisions"}],"predecessor-version":[{"id":13058,"href":"https:\/\/javierbarriocouture.com\/en\/wp-json\/wp\/v2\/product\/7525\/revisions\/13058"}],"wp:featuredmedia":[{"embeddable":true,"href":"https:\/\/javierbarriocouture.com\/en\/wp-json\/wp\/v2\/media\/7536"}],"wp:attachment":[{"href":"https:\/\/javierbarriocouture.com\/en\/wp-json\/wp\/v2\/media?parent=7525"}],"wp:term":[{"taxonomy":"store","embeddable":true,"href":"https:\/\/javierbarriocouture.com\/en\/wp-json\/wp\/v2\/store?post=7525"},{"taxonomy":"product_brand","embeddable":true,"href":"https:\/\/javierbarriocouture.com\/en\/wp-json\/wp\/v2\/product_brand?post=7525"},{"taxonomy":"product_cat","embeddable":true,"href":"https:\/\/javierbarriocouture.com\/en\/wp-json\/wp\/v2\/product_cat?post=7525"},{"taxonomy":"product_tag","embeddable":true,"href":"https:\/\/javierbarriocouture.com\/en\/wp-json\/wp\/v2\/product_tag?post=7525"}],"curies":[{"name":"wp","href":"https:\/\/api.w.org\/{rel}","templated":true}]}}